{"id":4865,"date":"2022-04-19T13:45:36","date_gmt":"2022-04-19T13:45:36","guid":{"rendered":"https:\/\/blog.colmena.media\/ajuda\/"},"modified":"2022-04-27T08:23:56","modified_gmt":"2022-04-27T08:23:56","slug":"ajuda","status":"publish","type":"page","link":"https:\/\/blog.colmena.media\/pt-br\/ajuda\/","title":{"rendered":"Ajuda"},"content":{"rendered":"\t\t<div data-elementor-type=\"wp-page\" data-elementor-id=\"4865\" class=\"elementor elementor-4865 elementor-3603\" data-elementor-post-type=\"page\">\n\t\t\t\t\t\t<section class=\"elementor-section elementor-top-section elementor-element elementor-element-5374534 elementor-section-boxed elementor-section-height-default elementor-section-height-default\" data-id=\"5374534\" data-element_type=\"section\" data-settings=\"{&quot;jet_parallax_layout_list&quot;:[]}\">\n\t\t\t\t\t\t<div class=\"elementor-container elementor-column-gap-default\">\n\t\t\t\t\t<div class=\"elementor-column elementor-col-100 elementor-top-column elementor-element elementor-element-5ac61830\" data-id=\"5ac61830\" data-element_type=\"column\">\n\t\t\t<div class=\"elementor-widget-wrap elementor-element-populated\">\n\t\t\t\t\t\t<div class=\"elementor-element elementor-element-6ce4218 elementor-widget elementor-widget-toggle\" data-id=\"6ce4218\" data-element_type=\"widget\" data-widget_type=\"toggle.default\">\n\t\t\t\t<div class=\"elementor-widget-container\">\n\t\t\t\t\t<div class=\"elementor-toggle\">\n\t\t\t\t\t\t\t<div class=\"elementor-toggle-item\">\n\t\t\t\t\t<div id=\"elementor-tab-title-1141\" class=\"elementor-tab-title\" data-tab=\"1\" role=\"button\" aria-controls=\"elementor-tab-content-1141\" aria-expanded=\"false\">\n\t\t\t\t\t\t\t\t\t\t\t\t<span class=\"elementor-toggle-icon elementor-toggle-icon-left\" aria-hidden=\"true\">\n\t\t\t\t\t\t\t\t\t\t\t\t\t\t\t<span class=\"elementor-toggle-icon-closed\"><i class=\"fas fa-caret-right\"><\/i><\/span>\n\t\t\t\t\t\t\t\t<span class=\"elementor-toggle-icon-opened\"><i class=\"elementor-toggle-icon-opened fas fa-caret-up\"><\/i><\/span>\n\t\t\t\t\t\t\t\t\t\t\t\t\t<\/span>\n\t\t\t\t\t\t\t\t\t\t\t\t<a class=\"elementor-toggle-title\" tabindex=\"0\">1. Instalar o aplicativo Colmeia <\/a>\n\t\t\t\t\t<\/div>\n\n\t\t\t\t\t<div id=\"elementor-tab-content-1141\" class=\"elementor-tab-content elementor-clearfix\" data-tab=\"1\" role=\"region\" aria-labelledby=\"elementor-tab-title-1141\"><!-- wp:paragraph -->\n<p>1- Entre no aplicativo <a href=\"https:\/\/colmena.media\" target=\"_blank\" rel=\"noreferrer noopener\">https:\/\/colmena.media<\/a><\/p>\n<!-- \/wp:paragraph -->\n\n<!-- wp:paragraph -->\n<p>2- Digite seu endere\u00e7o de e-mail e senha<\/p>\n<!-- \/wp:paragraph -->\n\n<!-- wp:paragraph -->\n<p>3- V\u00e1 na op\u00e7\u00e3o &#8220;Instalar Colmeia&#8221; no menu superior direito<\/p>\n<!-- \/wp:paragraph -->\n\n<!-- wp:image {\"id\":4815,\"width\":423,\"height\":246,\"sizeSlug\":\"large\",\"linkDestination\":\"none\"} -->\n<figure class=\"wp-block-image size-large is-resized\"><img fetchpriority=\"high\" decoding=\"async\" src=\"https:\/\/blog.colmena.media\/wp-content\/uploads\/2022\/04\/Tutorial-1_PT-1-1024x596.png\" alt=\"\" class=\"wp-image-4815\" width=\"423\" height=\"246\" srcset=\"https:\/\/blog.colmena.media\/wp-content\/uploads\/2022\/04\/Tutorial-1_PT-1-1024x596.png 1024w, https:\/\/blog.colmena.media\/wp-content\/uploads\/2022\/04\/Tutorial-1_PT-1-300x175.png 300w, https:\/\/blog.colmena.media\/wp-content\/uploads\/2022\/04\/Tutorial-1_PT-1-768x447.png 768w, https:\/\/blog.colmena.media\/wp-content\/uploads\/2022\/04\/Tutorial-1_PT-1.png 1080w\" sizes=\"(max-width: 423px) 100vw, 423px\" \/><\/figure>\n<!-- \/wp:image -->\n\n<!-- wp:image {\"id\":4816,\"width\":425,\"height\":167,\"sizeSlug\":\"large\",\"linkDestination\":\"none\"} -->\n<figure class=\"wp-block-image size-large is-resized\"><img decoding=\"async\" src=\"https:\/\/blog.colmena.media\/wp-content\/uploads\/2022\/04\/Tutorial-1_PT-2-1024x403.png\" alt=\"\" class=\"wp-image-4816\" width=\"425\" height=\"167\" srcset=\"https:\/\/blog.colmena.media\/wp-content\/uploads\/2022\/04\/Tutorial-1_PT-2-1024x403.png 1024w, https:\/\/blog.colmena.media\/wp-content\/uploads\/2022\/04\/Tutorial-1_PT-2-300x118.png 300w, https:\/\/blog.colmena.media\/wp-content\/uploads\/2022\/04\/Tutorial-1_PT-2-768x302.png 768w, https:\/\/blog.colmena.media\/wp-content\/uploads\/2022\/04\/Tutorial-1_PT-2.png 1080w\" sizes=\"(max-width: 425px) 100vw, 425px\" \/><\/figure>\n<!-- \/wp:image -->\n\n<!-- wp:paragraph -->\n<p>4- Acesse o \u00edcone de atalho na tela de seu celular ou na \u00e1rea de trabalho de seu computador<\/p>\n<!-- \/wp:paragraph -->\n\n<!-- wp:paragraph -->\n<p><img decoding=\"async\" width=\"150\" height=\"145\" class=\"wp-image-3001\" style=\"width: 150px;\" src=\"https:\/\/blog.colmena.media\/wp-content\/uploads\/2022\/04\/C01_A.png\" alt=\"Shorcut_Logo\" srcset=\"https:\/\/blog.colmena.media\/wp-content\/uploads\/2022\/04\/C01_A.png 401w, https:\/\/blog.colmena.media\/wp-content\/uploads\/2022\/04\/C01_A-300x290.png 300w\" sizes=\"(max-width: 150px) 100vw, 150px\" \/><\/p>\n<!-- \/wp:paragraph --><\/div>\n\t\t\t\t<\/div>\n\t\t\t\t\t\t\t<div class=\"elementor-toggle-item\">\n\t\t\t\t\t<div id=\"elementor-tab-title-1142\" class=\"elementor-tab-title\" data-tab=\"2\" role=\"button\" aria-controls=\"elementor-tab-content-1142\" aria-expanded=\"false\">\n\t\t\t\t\t\t\t\t\t\t\t\t<span class=\"elementor-toggle-icon elementor-toggle-icon-left\" aria-hidden=\"true\">\n\t\t\t\t\t\t\t\t\t\t\t\t\t\t\t<span class=\"elementor-toggle-icon-closed\"><i class=\"fas fa-caret-right\"><\/i><\/span>\n\t\t\t\t\t\t\t\t<span class=\"elementor-toggle-icon-opened\"><i class=\"elementor-toggle-icon-opened fas fa-caret-up\"><\/i><\/span>\n\t\t\t\t\t\t\t\t\t\t\t\t\t<\/span>\n\t\t\t\t\t\t\t\t\t\t\t\t<a class=\"elementor-toggle-title\" tabindex=\"0\">2. Configurar Idioma <\/a>\n\t\t\t\t\t<\/div>\n\n\t\t\t\t\t<div id=\"elementor-tab-content-1142\" class=\"elementor-tab-content elementor-clearfix\" data-tab=\"2\" role=\"region\" aria-labelledby=\"elementor-tab-title-1142\"><!-- wp:paragraph -->\n<p>1- Entre no aplicativo  <a href=\"https:\/\/colmena.media\/\"><u>https:\/\/colmena.media<\/u><\/a>\r\n<\/p>\n<!-- \/wp:paragraph -->\n\n<!-- wp:paragraph -->\n<p>2- Digite seu endere\u00e7o de e-mail e senha<\/p>\n<!-- \/wp:paragraph -->\n\n<!-- wp:paragraph -->\n<p>3- Op\u00e7\u00e3o &#8220;Idioma&#8221; no menu principal<\/p>\n<!-- \/wp:paragraph -->\n\n<!-- wp:image {\"id\":4800,\"width\":428,\"height\":216,\"sizeSlug\":\"large\",\"linkDestination\":\"none\"} -->\n<figure class=\"wp-block-image size-large is-resized\"><img loading=\"lazy\" decoding=\"async\" src=\"https:\/\/blog.colmena.media\/wp-content\/uploads\/2022\/04\/Tutorial-2_PT-1-1024x517.png\" alt=\"\" class=\"wp-image-4800\" width=\"428\" height=\"216\" srcset=\"https:\/\/blog.colmena.media\/wp-content\/uploads\/2022\/04\/Tutorial-2_PT-1-1024x517.png 1024w, https:\/\/blog.colmena.media\/wp-content\/uploads\/2022\/04\/Tutorial-2_PT-1-300x151.png 300w, https:\/\/blog.colmena.media\/wp-content\/uploads\/2022\/04\/Tutorial-2_PT-1-768x388.png 768w, https:\/\/blog.colmena.media\/wp-content\/uploads\/2022\/04\/Tutorial-2_PT-1.png 1080w\" sizes=\"(max-width: 428px) 100vw, 428px\" \/><\/figure>\n<!-- \/wp:image -->\n\n<!-- wp:paragraph -->\n<p>4- Selecione o idioma<\/p>\n<!-- \/wp:paragraph -->\n\n<!-- wp:image {\"id\":4806,\"width\":424,\"height\":514,\"sizeSlug\":\"large\",\"linkDestination\":\"none\",\"className\":\"is-style-default\"} -->\n<figure class=\"wp-block-image size-large is-resized is-style-default\"><img loading=\"lazy\" decoding=\"async\" src=\"https:\/\/blog.colmena.media\/wp-content\/uploads\/2022\/04\/Tutorial-2_PT-2-844x1024.png\" alt=\"\" class=\"wp-image-4806\" width=\"424\" height=\"514\" srcset=\"https:\/\/blog.colmena.media\/wp-content\/uploads\/2022\/04\/Tutorial-2_PT-2-844x1024.png 844w, https:\/\/blog.colmena.media\/wp-content\/uploads\/2022\/04\/Tutorial-2_PT-2-247x300.png 247w, https:\/\/blog.colmena.media\/wp-content\/uploads\/2022\/04\/Tutorial-2_PT-2-768x932.png 768w, https:\/\/blog.colmena.media\/wp-content\/uploads\/2022\/04\/Tutorial-2_PT-2.png 1078w\" sizes=\"(max-width: 424px) 100vw, 424px\" \/><\/figure>\n<!-- \/wp:image --><\/div>\n\t\t\t\t<\/div>\n\t\t\t\t\t\t\t<div class=\"elementor-toggle-item\">\n\t\t\t\t\t<div id=\"elementor-tab-title-1143\" class=\"elementor-tab-title\" data-tab=\"3\" role=\"button\" aria-controls=\"elementor-tab-content-1143\" aria-expanded=\"false\">\n\t\t\t\t\t\t\t\t\t\t\t\t<span class=\"elementor-toggle-icon elementor-toggle-icon-left\" aria-hidden=\"true\">\n\t\t\t\t\t\t\t\t\t\t\t\t\t\t\t<span class=\"elementor-toggle-icon-closed\"><i class=\"fas fa-caret-right\"><\/i><\/span>\n\t\t\t\t\t\t\t\t<span class=\"elementor-toggle-icon-opened\"><i class=\"elementor-toggle-icon-opened fas fa-caret-up\"><\/i><\/span>\n\t\t\t\t\t\t\t\t\t\t\t\t\t<\/span>\n\t\t\t\t\t\t\t\t\t\t\t\t<a class=\"elementor-toggle-title\" tabindex=\"0\">3. Alterar ou recuperar senha<\/a>\n\t\t\t\t\t<\/div>\n\n\t\t\t\t\t<div id=\"elementor-tab-content-1143\" class=\"elementor-tab-content elementor-clearfix\" data-tab=\"3\" role=\"region\" aria-labelledby=\"elementor-tab-title-1143\"><!-- wp:paragraph -->\n<p>1- Entre no aplicativo:  <a href=\"https:\/\/colmena.media\/\">https:\/\/colmena.media<\/a> <\/p>\n<!-- \/wp:paragraph -->\n\n<!-- wp:paragraph -->\n<p>2- &#8220;Esqueci minha senha&#8221;<\/p>\n<!-- \/wp:paragraph -->\n\n<!-- wp:image {\"id\":4760,\"width\":426,\"height\":654,\"sizeSlug\":\"large\",\"linkDestination\":\"none\"} -->\n<figure class=\"wp-block-image size-large is-resized\"><img loading=\"lazy\" decoding=\"async\" src=\"https:\/\/blog.colmena.media\/wp-content\/uploads\/2022\/04\/Tutorial-3_PT-1-667x1024.png\" alt=\"\" class=\"wp-image-4760\" width=\"426\" height=\"654\" srcset=\"https:\/\/blog.colmena.media\/wp-content\/uploads\/2022\/04\/Tutorial-3_PT-1-667x1024.png 667w, https:\/\/blog.colmena.media\/wp-content\/uploads\/2022\/04\/Tutorial-3_PT-1-195x300.png 195w, https:\/\/blog.colmena.media\/wp-content\/uploads\/2022\/04\/Tutorial-3_PT-1-768x1179.png 768w, https:\/\/blog.colmena.media\/wp-content\/uploads\/2022\/04\/Tutorial-3_PT-1.png 832w\" sizes=\"(max-width: 426px) 100vw, 426px\" \/><\/figure>\n<!-- \/wp:image -->\n\n<!-- wp:paragraph -->\n<p>3- Digite seu endere\u00e7o de e-mail<\/p>\n<!-- \/wp:paragraph -->\n\n<!-- wp:paragraph -->\n<p>4- Clique em &#8220;Redefinir senha&#8221;<\/p>\n<!-- \/wp:paragraph -->\n\n<!-- wp:image {\"id\":4764,\"width\":427,\"height\":470,\"sizeSlug\":\"large\",\"linkDestination\":\"none\"} -->\n<figure class=\"wp-block-image size-large is-resized\"><img loading=\"lazy\" decoding=\"async\" src=\"https:\/\/blog.colmena.media\/wp-content\/uploads\/2022\/04\/Tutorial-3_PT-2-930x1024.png\" alt=\"\" class=\"wp-image-4764\" width=\"427\" height=\"470\" srcset=\"https:\/\/blog.colmena.media\/wp-content\/uploads\/2022\/04\/Tutorial-3_PT-2-930x1024.png 930w, https:\/\/blog.colmena.media\/wp-content\/uploads\/2022\/04\/Tutorial-3_PT-2-273x300.png 273w, https:\/\/blog.colmena.media\/wp-content\/uploads\/2022\/04\/Tutorial-3_PT-2-768x845.png 768w, https:\/\/blog.colmena.media\/wp-content\/uploads\/2022\/04\/Tutorial-3_PT-2.png 974w\" sizes=\"(max-width: 427px) 100vw, 427px\" \/><\/figure>\n<!-- \/wp:image -->\n\n<!-- wp:paragraph -->\n<p>5- Verifique sua caixa de e-mail (verifique Spam ou junk mail)<\/p>\n<!-- \/wp:paragraph -->\n\n<!-- wp:paragraph -->\n<p>6- Clique no link<\/p>\n<!-- \/wp:paragraph -->\n\n<!-- wp:paragraph -->\n<p>7- Digite a nova senha e confirme<\/p>\n<!-- \/wp:paragraph -->\n\n<!-- wp:image {\"id\":4783,\"width\":428,\"height\":303,\"sizeSlug\":\"full\",\"linkDestination\":\"none\"} -->\n<figure class=\"wp-block-image size-full is-resized\"><img loading=\"lazy\" decoding=\"async\" src=\"https:\/\/blog.colmena.media\/wp-content\/uploads\/2022\/04\/Tutorial-3_PT-3.png\" alt=\"\" class=\"wp-image-4783\" width=\"428\" height=\"303\" srcset=\"https:\/\/blog.colmena.media\/wp-content\/uploads\/2022\/04\/Tutorial-3_PT-3.png 869w, https:\/\/blog.colmena.media\/wp-content\/uploads\/2022\/04\/Tutorial-3_PT-3-300x213.png 300w, https:\/\/blog.colmena.media\/wp-content\/uploads\/2022\/04\/Tutorial-3_PT-3-768x544.png 768w\" sizes=\"(max-width: 428px) 100vw, 428px\" \/><\/figure>\n<!-- \/wp:image -->\n\n<!-- wp:paragraph -->\n<p>8- Digite seu endere\u00e7o de e-mail e sua nova senha<\/p>\n<!-- \/wp:paragraph --><\/div>\n\t\t\t\t<\/div>\n\t\t\t\t\t\t\t<div class=\"elementor-toggle-item\">\n\t\t\t\t\t<div id=\"elementor-tab-title-1144\" class=\"elementor-tab-title\" data-tab=\"4\" role=\"button\" aria-controls=\"elementor-tab-content-1144\" aria-expanded=\"false\">\n\t\t\t\t\t\t\t\t\t\t\t\t<span class=\"elementor-toggle-icon elementor-toggle-icon-left\" aria-hidden=\"true\">\n\t\t\t\t\t\t\t\t\t\t\t\t\t\t\t<span class=\"elementor-toggle-icon-closed\"><i class=\"fas fa-caret-right\"><\/i><\/span>\n\t\t\t\t\t\t\t\t<span class=\"elementor-toggle-icon-opened\"><i class=\"elementor-toggle-icon-opened fas fa-caret-up\"><\/i><\/span>\n\t\t\t\t\t\t\t\t\t\t\t\t\t<\/span>\n\t\t\t\t\t\t\t\t\t\t\t\t<a class=\"elementor-toggle-title\" tabindex=\"0\">4. Configura\u00e7\u00f5es<\/a>\n\t\t\t\t\t<\/div>\n\n\t\t\t\t\t<div id=\"elementor-tab-content-1144\" class=\"elementor-tab-content elementor-clearfix\" data-tab=\"4\" role=\"region\" aria-labelledby=\"elementor-tab-title-1144\"><!-- wp:paragraph {\"translatedWithWPMLTM\":\"1\"} -->\n<p>1- Acesse: <a href=\"https:\/\/colmena.media\/\"><u>https:\/\/colmena.media<\/u><\/a>&#13;\n<\/p>\n<!-- \/wp:paragraph --><!-- wp:paragraph {\"translatedWithWPMLTM\":\"1\"} -->\n<p>2- Digite seu endere\u00e7o de correio eletr\u00f4nico e senha<\/p>\n<!-- \/wp:paragraph --><!-- wp:paragraph {\"translatedWithWPMLTM\":\"1\"} -->\n<p>3- Op\u00e7\u00e3o &#8220;Configura\u00e7\u00f5es&#8221; no menu principal<\/p>\n<!-- \/wp:paragraph --><!-- wp:image {\"id\":4743,\"width\":487,\"height\":310,\"sizeSlug\":\"large\",\"linkDestination\":\"none\"} -->\n<figure class=\"wp-block-image size-large is-resized\"><img loading=\"lazy\" decoding=\"async\" src=\"https:\/\/blog.colmena.media\/wp-content\/uploads\/2022\/04\/Tutorial-4_EN-1-1024x652.png\" alt=\"\" class=\"wp-image-4743\" width=\"487\" height=\"310\" srcset=\"https:\/\/blog.colmena.media\/wp-content\/uploads\/2022\/04\/Tutorial-4_EN-1-1024x652.png 1024w, https:\/\/blog.colmena.media\/wp-content\/uploads\/2022\/04\/Tutorial-4_EN-1-300x191.png 300w, https:\/\/blog.colmena.media\/wp-content\/uploads\/2022\/04\/Tutorial-4_EN-1-768x489.png 768w, https:\/\/blog.colmena.media\/wp-content\/uploads\/2022\/04\/Tutorial-4_EN-1.png 1080w\" sizes=\"(max-width: 487px) 100vw, 487px\" \/><\/figure>\n<!-- \/wp:image --><!-- wp:paragraph {\"translatedWithWPMLTM\":\"1\"} -->\n<p>4- Nesta se\u00e7\u00e3o, voc\u00ea pode configurar<\/p>\n<!-- \/wp:paragraph --><!-- wp:paragraph {\"translatedWithWPMLTM\":\"1\"} -->\n<p>Informa\u00e7\u00f5es sobre o seu perfil<\/p>\n<!-- \/wp:paragraph --><!-- wp:paragraph {\"translatedWithWPMLTM\":\"1\"} -->\n<p>Idioma<\/p>\n<!-- \/wp:paragraph --><!-- wp:paragraph {\"translatedWithWPMLTM\":\"1\"} -->\n<p>Sair (fechar sess\u00e3o)<\/p>\n<!-- \/wp:paragraph --><!-- wp:paragraph {\"translatedWithWPMLTM\":\"1\"} -->\n<p> Estas ferramentas ainda n\u00e3o est\u00e3o dispon\u00edveis nesta vers\u00e3o, mas estar\u00e3o em breve.<\/p>\n<!-- \/wp:paragraph --><\/div>\n\t\t\t\t<\/div>\n\t\t\t\t\t\t\t<div class=\"elementor-toggle-item\">\n\t\t\t\t\t<div id=\"elementor-tab-title-1145\" class=\"elementor-tab-title\" data-tab=\"5\" role=\"button\" aria-controls=\"elementor-tab-content-1145\" aria-expanded=\"false\">\n\t\t\t\t\t\t\t\t\t\t\t\t<span class=\"elementor-toggle-icon elementor-toggle-icon-left\" aria-hidden=\"true\">\n\t\t\t\t\t\t\t\t\t\t\t\t\t\t\t<span class=\"elementor-toggle-icon-closed\"><i class=\"fas fa-caret-right\"><\/i><\/span>\n\t\t\t\t\t\t\t\t<span class=\"elementor-toggle-icon-opened\"><i class=\"elementor-toggle-icon-opened fas fa-caret-up\"><\/i><\/span>\n\t\t\t\t\t\t\t\t\t\t\t\t\t<\/span>\n\t\t\t\t\t\t\t\t\t\t\t\t<a class=\"elementor-toggle-title\" tabindex=\"0\">5. Convidar um novo\/nova participante para a Colmena<\/a>\n\t\t\t\t\t<\/div>\n\n\t\t\t\t\t<div id=\"elementor-tab-content-1145\" class=\"elementor-tab-content elementor-clearfix\" data-tab=\"5\" role=\"region\" aria-labelledby=\"elementor-tab-title-1145\"><!-- wp:paragraph -->\n<p>1- Entre no aplicativo https:\/\/colmena.media<\/p>\n<!-- \/wp:paragraph -->\n\n<!-- wp:paragraph -->\n<p>2- Digite seu endere\u00e7o de e-mail e  senha<\/p>\n<!-- \/wp:paragraph -->\n\n<!-- wp:paragraph -->\n<p>3- Op\u00e7\u00e3o \u201cEditar perfil da m\u00eddia\u201d no menu principal<\/p>\n<!-- \/wp:paragraph -->\n\n<!-- wp:image {\"id\":4809,\"width\":427,\"height\":342,\"sizeSlug\":\"large\",\"linkDestination\":\"none\"} -->\n<figure class=\"wp-block-image size-large is-resized\"><img loading=\"lazy\" decoding=\"async\" src=\"https:\/\/blog.colmena.media\/wp-content\/uploads\/2022\/04\/Tutorial-5_PT-1-1024x821.png\" alt=\"\" class=\"wp-image-4809\" width=\"427\" height=\"342\" srcset=\"https:\/\/blog.colmena.media\/wp-content\/uploads\/2022\/04\/Tutorial-5_PT-1-1024x821.png 1024w, https:\/\/blog.colmena.media\/wp-content\/uploads\/2022\/04\/Tutorial-5_PT-1-300x241.png 300w, https:\/\/blog.colmena.media\/wp-content\/uploads\/2022\/04\/Tutorial-5_PT-1-768x616.png 768w, https:\/\/blog.colmena.media\/wp-content\/uploads\/2022\/04\/Tutorial-5_PT-1.png 1080w\" sizes=\"(max-width: 427px) 100vw, 427px\" \/><\/figure>\n<!-- \/wp:image -->\n\n<!-- wp:paragraph -->\n<p>4- Voc\u00ea pode mudar a imagem ou o logotipo. da Colmena<\/p>\n<!-- \/wp:paragraph -->\n\n<!-- wp:image {\"id\":4810,\"width\":429,\"height\":164,\"sizeSlug\":\"full\",\"linkDestination\":\"none\"} -->\n<figure class=\"wp-block-image size-full is-resized\"><img loading=\"lazy\" decoding=\"async\" src=\"https:\/\/blog.colmena.media\/wp-content\/uploads\/2022\/04\/Tutorial-5_PT-2.png\" alt=\"\" class=\"wp-image-4810\" width=\"429\" height=\"164\" srcset=\"https:\/\/blog.colmena.media\/wp-content\/uploads\/2022\/04\/Tutorial-5_PT-2.png 747w, https:\/\/blog.colmena.media\/wp-content\/uploads\/2022\/04\/Tutorial-5_PT-2-300x115.png 300w\" sizes=\"(max-width: 429px) 100vw, 429px\" \/><\/figure>\n<!-- \/wp:image -->\n\n<!-- wp:paragraph -->\n<p>5- \u00cdcone +  para convidar uma nova integrante\r\n<\/p>\n<!-- \/wp:paragraph -->\n\n<!-- wp:image {\"id\":4811,\"width\":426,\"height\":300,\"sizeSlug\":\"full\",\"linkDestination\":\"none\"} -->\n<figure class=\"wp-block-image size-full is-resized\"><img loading=\"lazy\" decoding=\"async\" src=\"https:\/\/blog.colmena.media\/wp-content\/uploads\/2022\/04\/Tutorial-5_PT-3.png\" alt=\"\" class=\"wp-image-4811\" width=\"426\" height=\"300\" srcset=\"https:\/\/blog.colmena.media\/wp-content\/uploads\/2022\/04\/Tutorial-5_PT-3.png 450w, https:\/\/blog.colmena.media\/wp-content\/uploads\/2022\/04\/Tutorial-5_PT-3-300x211.png 300w\" sizes=\"(max-width: 426px) 100vw, 426px\" \/><\/figure>\n<!-- \/wp:image -->\n\n<!-- wp:paragraph -->\n<p>Colocar<\/p>\n<!-- \/wp:paragraph -->\n\n<!-- wp:paragraph -->\n<p>Nome <\/p>\n<!-- \/wp:paragraph -->\n\n<!-- wp:paragraph -->\n<p>E-mail<\/p>\n<!-- \/wp:paragraph -->\n\n<!-- wp:paragraph -->\n<p>Permiss\u00f5es<\/p>\n<!-- \/wp:paragraph -->\n\n<!-- wp:paragraph -->\n<p>6-  \u201cEnviar\u201d<\/p>\n<!-- \/wp:paragraph -->\n\n<!-- wp:image {\"id\":4813,\"width\":428,\"height\":555,\"sizeSlug\":\"large\",\"linkDestination\":\"none\"} -->\n<figure class=\"wp-block-image size-large is-resized\"><img loading=\"lazy\" decoding=\"async\" src=\"https:\/\/blog.colmena.media\/wp-content\/uploads\/2022\/04\/Tutorial-5_PT-4-789x1024.png\" alt=\"\" class=\"wp-image-4813\" width=\"428\" height=\"555\" srcset=\"https:\/\/blog.colmena.media\/wp-content\/uploads\/2022\/04\/Tutorial-5_PT-4-789x1024.png 789w, https:\/\/blog.colmena.media\/wp-content\/uploads\/2022\/04\/Tutorial-5_PT-4-231x300.png 231w, https:\/\/blog.colmena.media\/wp-content\/uploads\/2022\/04\/Tutorial-5_PT-4-768x997.png 768w, https:\/\/blog.colmena.media\/wp-content\/uploads\/2022\/04\/Tutorial-5_PT-4.png 964w\" sizes=\"(max-width: 428px) 100vw, 428px\" \/><\/figure>\n<!-- \/wp:image -->\n\n<!-- wp:paragraph -->\n<p>A pessoa receber\u00e1 um e-mail com um link para definir a senha de sua conta no Colmena.\r\n<\/p>\n<!-- \/wp:paragraph -->\n\n<!-- wp:paragraph -->\n<p>Primeiro, pergunte \u00e0 pessoa com qual conta de e-mail ela deseja se inscrever.<\/p>\n<!-- \/wp:paragraph -->\n\n<!-- wp:paragraph -->\n<p><\/p>\n<!-- \/wp:paragraph --><\/div>\n\t\t\t\t<\/div>\n\t\t\t\t\t\t\t<div class=\"elementor-toggle-item\">\n\t\t\t\t\t<div id=\"elementor-tab-title-1146\" class=\"elementor-tab-title\" data-tab=\"6\" role=\"button\" aria-controls=\"elementor-tab-content-1146\" aria-expanded=\"false\">\n\t\t\t\t\t\t\t\t\t\t\t\t<span class=\"elementor-toggle-icon elementor-toggle-icon-left\" aria-hidden=\"true\">\n\t\t\t\t\t\t\t\t\t\t\t\t\t\t\t<span class=\"elementor-toggle-icon-closed\"><i class=\"fas fa-caret-right\"><\/i><\/span>\n\t\t\t\t\t\t\t\t<span class=\"elementor-toggle-icon-opened\"><i class=\"elementor-toggle-icon-opened fas fa-caret-up\"><\/i><\/span>\n\t\t\t\t\t\t\t\t\t\t\t\t\t<\/span>\n\t\t\t\t\t\t\t\t\t\t\t\t<a class=\"elementor-toggle-title\" tabindex=\"0\">6. Editar Meu perfil<\/a>\n\t\t\t\t\t<\/div>\n\n\t\t\t\t\t<div id=\"elementor-tab-content-1146\" class=\"elementor-tab-content elementor-clearfix\" data-tab=\"6\" role=\"region\" aria-labelledby=\"elementor-tab-title-1146\"><!-- wp:paragraph -->\n<p>1- Entrar no aplicativo https:\/\/colmena.media<\/p>\n<!-- \/wp:paragraph -->\n\n<!-- wp:paragraph -->\n<p>2- Digite seu endere\u00e7o de e-mail e senha<\/p>\n<!-- \/wp:paragraph -->\n\n<!-- wp:paragraph -->\n<p>3- Op\u00e7\u00e3o \u201cMeu perfil\u201d no menu principal<\/p>\n<!-- \/wp:paragraph -->\n\n<!-- wp:image {\"id\":5041,\"width\":427,\"height\":93,\"sizeSlug\":\"large\",\"linkDestination\":\"none\"} -->\n<figure class=\"wp-block-image size-large is-resized\"><img loading=\"lazy\" decoding=\"async\" src=\"https:\/\/blog.colmena.media\/wp-content\/uploads\/2022\/04\/Tutorial-7_PT-0-2-1024x222.png\" alt=\"\" class=\"wp-image-5041\" width=\"427\" height=\"93\" srcset=\"https:\/\/blog.colmena.media\/wp-content\/uploads\/2022\/04\/Tutorial-7_PT-0-2-1024x222.png 1024w, https:\/\/blog.colmena.media\/wp-content\/uploads\/2022\/04\/Tutorial-7_PT-0-2-300x65.png 300w, https:\/\/blog.colmena.media\/wp-content\/uploads\/2022\/04\/Tutorial-7_PT-0-2-768x166.png 768w, https:\/\/blog.colmena.media\/wp-content\/uploads\/2022\/04\/Tutorial-7_PT-0-2.png 1100w\" sizes=\"(max-width: 427px) 100vw, 427px\" \/><\/figure>\n<!-- \/wp:image -->\n\n<!-- wp:paragraph -->\n<p>4- Editar foto de perfil<\/p>\n<!-- \/wp:paragraph -->\n\n<!-- wp:image {\"id\":5043,\"width\":426,\"height\":315,\"sizeSlug\":\"full\",\"linkDestination\":\"none\"} -->\n<figure class=\"wp-block-image size-full is-resized\"><img loading=\"lazy\" decoding=\"async\" src=\"https:\/\/blog.colmena.media\/wp-content\/uploads\/2022\/04\/Tutorial-7_PT-1-1.png\" alt=\"\" class=\"wp-image-5043\" width=\"426\" height=\"315\" srcset=\"https:\/\/blog.colmena.media\/wp-content\/uploads\/2022\/04\/Tutorial-7_PT-1-1.png 812w, https:\/\/blog.colmena.media\/wp-content\/uploads\/2022\/04\/Tutorial-7_PT-1-1-300x222.png 300w, https:\/\/blog.colmena.media\/wp-content\/uploads\/2022\/04\/Tutorial-7_PT-1-1-768x568.png 768w\" sizes=\"(max-width: 426px) 100vw, 426px\" \/><\/figure>\n<!-- \/wp:image -->\n\n<!-- wp:paragraph -->\n<p>5- Editar nome e sobrenome<\/p>\n<!-- \/wp:paragraph -->\n\n<!-- wp:paragraph -->\n<p>6- Alterar e-mail<\/p>\n<!-- \/wp:paragraph -->\n\n<!-- wp:paragraph -->\n<p>7- \u201cSalvar\u201d<\/p>\n<!-- \/wp:paragraph -->\n\n<!-- wp:paragraph -->\n<p>8- Voc\u00ea pode redefinir sua senha<\/p>\n<!-- \/wp:paragraph -->\n\n<!-- wp:image {\"id\":5044,\"width\":431,\"height\":371,\"sizeSlug\":\"large\",\"linkDestination\":\"none\"} -->\n<figure class=\"wp-block-image size-large is-resized\"><img loading=\"lazy\" decoding=\"async\" src=\"https:\/\/blog.colmena.media\/wp-content\/uploads\/2022\/04\/Tutorial-7_PT-2-1-1024x882.png\" alt=\"\" class=\"wp-image-5044\" width=\"431\" height=\"371\" srcset=\"https:\/\/blog.colmena.media\/wp-content\/uploads\/2022\/04\/Tutorial-7_PT-2-1-1024x882.png 1024w, https:\/\/blog.colmena.media\/wp-content\/uploads\/2022\/04\/Tutorial-7_PT-2-1-300x258.png 300w, https:\/\/blog.colmena.media\/wp-content\/uploads\/2022\/04\/Tutorial-7_PT-2-1-768x662.png 768w, https:\/\/blog.colmena.media\/wp-content\/uploads\/2022\/04\/Tutorial-7_PT-2-1.png 1068w\" sizes=\"(max-width: 431px) 100vw, 431px\" \/><\/figure>\n<!-- \/wp:image --><\/div>\n\t\t\t\t<\/div>\n\t\t\t\t\t\t\t\t<\/div>\n\t\t\t\t<\/div>\n\t\t\t\t<\/div>\n\t\t\t\t\t<\/div>\n\t\t<\/div>\n\t\t\t\t\t<\/div>\n\t\t<\/section>\n\t\t\t\t<\/div>\n\t\t","protected":false},"excerpt":{"rendered":"<p>1. Instalar o aplicativo Colmeia 2. Configurar Idioma 3. Alterar ou recuperar senha 4. Configura\u00e7\u00f5es 5. Convidar um novo\/nova participante para a Colmena 6. Editar Meu perfil<\/p>\n","protected":false},"author":2,"featured_media":0,"parent":0,"menu_order":0,"comment_status":"closed","ping_status":"closed","template":"","meta":{"_acf_changed":false,"inline_featured_image":false,"footnotes":""},"class_list":["post-4865","page","type-page","status-publish"],"acf":[],"_links":{"self":[{"href":"https:\/\/blog.colmena.media\/pt-br\/wp-json\/wp\/v2\/pages\/4865","targetHints":{"allow":["GET"]}}],"collection":[{"href":"https:\/\/blog.colmena.media\/pt-br\/wp-json\/wp\/v2\/pages"}],"about":[{"href":"https:\/\/blog.colmena.media\/pt-br\/wp-json\/wp\/v2\/types\/page"}],"author":[{"embeddable":true,"href":"https:\/\/blog.colmena.media\/pt-br\/wp-json\/wp\/v2\/users\/2"}],"replies":[{"embeddable":true,"href":"https:\/\/blog.colmena.media\/pt-br\/wp-json\/wp\/v2\/comments?post=4865"}],"version-history":[{"count":1,"href":"https:\/\/blog.colmena.media\/pt-br\/wp-json\/wp\/v2\/pages\/4865\/revisions"}],"predecessor-version":[{"id":4866,"href":"https:\/\/blog.colmena.media\/pt-br\/wp-json\/wp\/v2\/pages\/4865\/revisions\/4866"}],"wp:attachment":[{"href":"https:\/\/blog.colmena.media\/pt-br\/wp-json\/wp\/v2\/media?parent=4865"}],"curies":[{"name":"wp","href":"https:\/\/api.w.org\/{rel}","templated":true}]}}