{"id":4867,"date":"2022-04-19T13:45:36","date_gmt":"2022-04-19T13:45:36","guid":{"rendered":"https:\/\/blog.colmena.media\/aide\/"},"modified":"2022-04-27T08:26:06","modified_gmt":"2022-04-27T08:26:06","slug":"aide","status":"publish","type":"page","link":"https:\/\/blog.colmena.media\/fr\/aide\/","title":{"rendered":"Aide"},"content":{"rendered":"\t\t<div data-elementor-type=\"wp-page\" data-elementor-id=\"4867\" class=\"elementor elementor-4867 elementor-3603\" data-elementor-post-type=\"page\">\n\t\t\t\t\t\t<section class=\"elementor-section elementor-top-section elementor-element elementor-element-5374534 elementor-section-boxed elementor-section-height-default elementor-section-height-default\" data-id=\"5374534\" data-element_type=\"section\" data-settings=\"{&quot;jet_parallax_layout_list&quot;:[]}\">\n\t\t\t\t\t\t<div class=\"elementor-container elementor-column-gap-default\">\n\t\t\t\t\t<div class=\"elementor-column elementor-col-100 elementor-top-column elementor-element elementor-element-5ac61830\" data-id=\"5ac61830\" data-element_type=\"column\">\n\t\t\t<div class=\"elementor-widget-wrap elementor-element-populated\">\n\t\t\t\t\t\t<div class=\"elementor-element elementor-element-6ce4218 elementor-widget elementor-widget-toggle\" data-id=\"6ce4218\" data-element_type=\"widget\" data-widget_type=\"toggle.default\">\n\t\t\t\t<div class=\"elementor-widget-container\">\n\t\t\t\t\t<div class=\"elementor-toggle\">\n\t\t\t\t\t\t\t<div class=\"elementor-toggle-item\">\n\t\t\t\t\t<div id=\"elementor-tab-title-1141\" class=\"elementor-tab-title\" data-tab=\"1\" role=\"button\" aria-controls=\"elementor-tab-content-1141\" aria-expanded=\"false\">\n\t\t\t\t\t\t\t\t\t\t\t\t<span class=\"elementor-toggle-icon elementor-toggle-icon-left\" aria-hidden=\"true\">\n\t\t\t\t\t\t\t\t\t\t\t\t\t\t\t<span class=\"elementor-toggle-icon-closed\"><i class=\"fas fa-caret-right\"><\/i><\/span>\n\t\t\t\t\t\t\t\t<span class=\"elementor-toggle-icon-opened\"><i class=\"elementor-toggle-icon-opened fas fa-caret-up\"><\/i><\/span>\n\t\t\t\t\t\t\t\t\t\t\t\t\t<\/span>\n\t\t\t\t\t\t\t\t\t\t\t\t<a class=\"elementor-toggle-title\" tabindex=\"0\">1. Installez l'application Colmena<\/a>\n\t\t\t\t\t<\/div>\n\n\t\t\t\t\t<div id=\"elementor-tab-content-1141\" class=\"elementor-tab-content elementor-clearfix\" data-tab=\"1\" role=\"region\" aria-labelledby=\"elementor-tab-title-1141\"><!-- wp:paragraph -->\n<p>1- Entrez dans l&#8217;application <a href=\"https:\/\/colmena.media\" target=\"_blank\" rel=\"noreferrer noopener\">https:\/\/colmena.media<\/a><\/p>\n<!-- \/wp:paragraph -->\n\n<!-- wp:paragraph -->\n<p>2- Entrez le courriel et le mot de passe<\/p>\n<!-- \/wp:paragraph -->\n\n<!-- wp:paragraph -->\n<p>3- Option \u00ab Installer Colmena \u00bb dans le menu sup\u00e9rieur droit<\/p>\n<!-- \/wp:paragraph -->\n\n<!-- wp:image {\"id\":4987,\"width\":426,\"height\":248,\"sizeSlug\":\"large\",\"linkDestination\":\"none\"} -->\n<figure class=\"wp-block-image size-large is-resized\"><img fetchpriority=\"high\" decoding=\"async\" src=\"https:\/\/blog.colmena.media\/wp-content\/uploads\/2022\/04\/Tutorial-1_FR-1-1024x596.png\" alt=\"\" class=\"wp-image-4987\" width=\"426\" height=\"248\" srcset=\"https:\/\/blog.colmena.media\/wp-content\/uploads\/2022\/04\/Tutorial-1_FR-1-1024x596.png 1024w, https:\/\/blog.colmena.media\/wp-content\/uploads\/2022\/04\/Tutorial-1_FR-1-300x175.png 300w, https:\/\/blog.colmena.media\/wp-content\/uploads\/2022\/04\/Tutorial-1_FR-1-768x447.png 768w, https:\/\/blog.colmena.media\/wp-content\/uploads\/2022\/04\/Tutorial-1_FR-1.png 1080w\" sizes=\"(max-width: 426px) 100vw, 426px\" \/><\/figure>\n<!-- \/wp:image -->\n\n<!-- wp:image {\"id\":4988,\"width\":427,\"height\":167,\"sizeSlug\":\"large\",\"linkDestination\":\"none\"} -->\n<figure class=\"wp-block-image size-large is-resized\"><img decoding=\"async\" src=\"https:\/\/blog.colmena.media\/wp-content\/uploads\/2022\/04\/Tutorial-1_FR-2-1024x401.png\" alt=\"\" class=\"wp-image-4988\" width=\"427\" height=\"167\" srcset=\"https:\/\/blog.colmena.media\/wp-content\/uploads\/2022\/04\/Tutorial-1_FR-2-1024x401.png 1024w, https:\/\/blog.colmena.media\/wp-content\/uploads\/2022\/04\/Tutorial-1_FR-2-300x118.png 300w, https:\/\/blog.colmena.media\/wp-content\/uploads\/2022\/04\/Tutorial-1_FR-2-768x301.png 768w, https:\/\/blog.colmena.media\/wp-content\/uploads\/2022\/04\/Tutorial-1_FR-2.png 1080w\" sizes=\"(max-width: 427px) 100vw, 427px\" \/><\/figure>\n<!-- \/wp:image -->\n\n<!-- wp:paragraph -->\n<p>4- Ic\u00f4ne de raccourci sur l&#8217;\u00e9cran de votre t\u00e9l\u00e9phone portable ou sur le bureau de votre ordinateur<\/p>\n<!-- \/wp:paragraph -->\n\n<!-- wp:paragraph -->\n<p><img decoding=\"async\" width=\"150\" height=\"145\" class=\"wp-image-2999\" style=\"width: 150px;\" src=\"https:\/\/blog.colmena.media\/wp-content\/uploads\/2022\/04\/C01_A.png\" alt=\"Shorcut_Logo\" srcset=\"https:\/\/blog.colmena.media\/wp-content\/uploads\/2022\/04\/C01_A.png 401w, https:\/\/blog.colmena.media\/wp-content\/uploads\/2022\/04\/C01_A-300x290.png 300w\" sizes=\"(max-width: 150px) 100vw, 150px\" \/><\/p>\n<!-- \/wp:paragraph --><\/div>\n\t\t\t\t<\/div>\n\t\t\t\t\t\t\t<div class=\"elementor-toggle-item\">\n\t\t\t\t\t<div id=\"elementor-tab-title-1142\" class=\"elementor-tab-title\" data-tab=\"2\" role=\"button\" aria-controls=\"elementor-tab-content-1142\" aria-expanded=\"false\">\n\t\t\t\t\t\t\t\t\t\t\t\t<span class=\"elementor-toggle-icon elementor-toggle-icon-left\" aria-hidden=\"true\">\n\t\t\t\t\t\t\t\t\t\t\t\t\t\t\t<span class=\"elementor-toggle-icon-closed\"><i class=\"fas fa-caret-right\"><\/i><\/span>\n\t\t\t\t\t\t\t\t<span class=\"elementor-toggle-icon-opened\"><i class=\"elementor-toggle-icon-opened fas fa-caret-up\"><\/i><\/span>\n\t\t\t\t\t\t\t\t\t\t\t\t\t<\/span>\n\t\t\t\t\t\t\t\t\t\t\t\t<a class=\"elementor-toggle-title\" tabindex=\"0\">2. Configurer la langue <\/a>\n\t\t\t\t\t<\/div>\n\n\t\t\t\t\t<div id=\"elementor-tab-content-1142\" class=\"elementor-tab-content elementor-clearfix\" data-tab=\"2\" role=\"region\" aria-labelledby=\"elementor-tab-title-1142\"><!-- wp:paragraph -->\n<p>1- Saisissez Colmena: <a href=\"https:\/\/colmena.media\/\"><u>https:\/\/colmena.media<\/u><\/a>&nbsp;<\/p>\n<!-- \/wp:paragraph -->\n\n<!-- wp:paragraph -->\n<p>2- Entrez le courriel et le mot de passe<\/p>\n<!-- \/wp:paragraph -->\n\n<!-- wp:paragraph -->\n<p>3- Option &#8220;Langue&#8221; dans le menu principal<\/p>\n<!-- \/wp:paragraph -->\n\n<!-- wp:image {\"id\":4991,\"width\":426,\"height\":211,\"sizeSlug\":\"large\",\"linkDestination\":\"none\"} -->\n<figure class=\"wp-block-image size-large is-resized\"><img loading=\"lazy\" decoding=\"async\" src=\"https:\/\/blog.colmena.media\/wp-content\/uploads\/2022\/04\/Tutorial-2_FR-1-1024x506.png\" alt=\"\" class=\"wp-image-4991\" width=\"426\" height=\"211\" srcset=\"https:\/\/blog.colmena.media\/wp-content\/uploads\/2022\/04\/Tutorial-2_FR-1-1024x506.png 1024w, https:\/\/blog.colmena.media\/wp-content\/uploads\/2022\/04\/Tutorial-2_FR-1-300x148.png 300w, https:\/\/blog.colmena.media\/wp-content\/uploads\/2022\/04\/Tutorial-2_FR-1-768x380.png 768w, https:\/\/blog.colmena.media\/wp-content\/uploads\/2022\/04\/Tutorial-2_FR-1.png 1080w\" sizes=\"(max-width: 426px) 100vw, 426px\" \/><\/figure>\n<!-- \/wp:image -->\n\n<!-- wp:paragraph -->\n<p>4- S\u00e9lectionnez la langue<\/p>\n<!-- \/wp:paragraph -->\n\n<!-- wp:image {\"id\":4992,\"width\":425,\"height\":517,\"sizeSlug\":\"large\",\"linkDestination\":\"none\"} -->\n<figure class=\"wp-block-image size-large is-resized\"><img loading=\"lazy\" decoding=\"async\" src=\"https:\/\/blog.colmena.media\/wp-content\/uploads\/2022\/04\/Tutorial-2_FR-2-841x1024.png\" alt=\"\" class=\"wp-image-4992\" width=\"425\" height=\"517\" srcset=\"https:\/\/blog.colmena.media\/wp-content\/uploads\/2022\/04\/Tutorial-2_FR-2-841x1024.png 841w, https:\/\/blog.colmena.media\/wp-content\/uploads\/2022\/04\/Tutorial-2_FR-2-246x300.png 246w, https:\/\/blog.colmena.media\/wp-content\/uploads\/2022\/04\/Tutorial-2_FR-2-768x935.png 768w, https:\/\/blog.colmena.media\/wp-content\/uploads\/2022\/04\/Tutorial-2_FR-2.png 1074w\" sizes=\"(max-width: 425px) 100vw, 425px\" \/><\/figure>\n<!-- \/wp:image --><\/div>\n\t\t\t\t<\/div>\n\t\t\t\t\t\t\t<div class=\"elementor-toggle-item\">\n\t\t\t\t\t<div id=\"elementor-tab-title-1143\" class=\"elementor-tab-title\" data-tab=\"3\" role=\"button\" aria-controls=\"elementor-tab-content-1143\" aria-expanded=\"false\">\n\t\t\t\t\t\t\t\t\t\t\t\t<span class=\"elementor-toggle-icon elementor-toggle-icon-left\" aria-hidden=\"true\">\n\t\t\t\t\t\t\t\t\t\t\t\t\t\t\t<span class=\"elementor-toggle-icon-closed\"><i class=\"fas fa-caret-right\"><\/i><\/span>\n\t\t\t\t\t\t\t\t<span class=\"elementor-toggle-icon-opened\"><i class=\"elementor-toggle-icon-opened fas fa-caret-up\"><\/i><\/span>\n\t\t\t\t\t\t\t\t\t\t\t\t\t<\/span>\n\t\t\t\t\t\t\t\t\t\t\t\t<a class=\"elementor-toggle-title\" tabindex=\"0\">3. Changer ou r\u00e9cup\u00e9rer le mot de passe<\/a>\n\t\t\t\t\t<\/div>\n\n\t\t\t\t\t<div id=\"elementor-tab-content-1143\" class=\"elementor-tab-content elementor-clearfix\" data-tab=\"3\" role=\"region\" aria-labelledby=\"elementor-tab-title-1143\"><!-- wp:paragraph -->\n<p>1- Allez sur <a href=\"https:\/\/colmena.media\/\">https:\/\/colmena.media<\/a>\r\n<\/p>\n<!-- \/wp:paragraph -->\n\n<!-- wp:paragraph -->\n<p>2- &#8220;mot de pase oubli\u00e9&#8221;<\/p>\n<!-- \/wp:paragraph -->\n\n<!-- wp:image {\"id\":4995,\"width\":427,\"height\":588,\"sizeSlug\":\"large\",\"linkDestination\":\"none\"} -->\n<figure class=\"wp-block-image size-large is-resized\"><img loading=\"lazy\" decoding=\"async\" src=\"https:\/\/blog.colmena.media\/wp-content\/uploads\/2022\/04\/Tutorial-3_FR-1-744x1024.png\" alt=\"\" class=\"wp-image-4995\" width=\"427\" height=\"588\" srcset=\"https:\/\/blog.colmena.media\/wp-content\/uploads\/2022\/04\/Tutorial-3_FR-1-744x1024.png 744w, https:\/\/blog.colmena.media\/wp-content\/uploads\/2022\/04\/Tutorial-3_FR-1-218x300.png 218w, https:\/\/blog.colmena.media\/wp-content\/uploads\/2022\/04\/Tutorial-3_FR-1-768x1057.png 768w, https:\/\/blog.colmena.media\/wp-content\/uploads\/2022\/04\/Tutorial-3_FR-1.png 1011w\" sizes=\"(max-width: 427px) 100vw, 427px\" \/><\/figure>\n<!-- \/wp:image -->\n\n<!-- wp:paragraph -->\n<p>3- Entrez votre courriel<\/p>\n<!-- \/wp:paragraph -->\n\n<!-- wp:paragraph -->\n<p>4- Entrez &#8220;Red\u00e9fnir le mot de passe&#8221;<\/p>\n<!-- \/wp:paragraph -->\n\n<!-- wp:image {\"id\":4997,\"width\":427,\"height\":473,\"sizeSlug\":\"large\",\"linkDestination\":\"none\"} -->\n<figure class=\"wp-block-image size-large is-resized\"><img loading=\"lazy\" decoding=\"async\" src=\"https:\/\/blog.colmena.media\/wp-content\/uploads\/2022\/04\/Tutorial-3_FR-2-924x1024.png\" alt=\"\" class=\"wp-image-4997\" width=\"427\" height=\"473\" srcset=\"https:\/\/blog.colmena.media\/wp-content\/uploads\/2022\/04\/Tutorial-3_FR-2-924x1024.png 924w, https:\/\/blog.colmena.media\/wp-content\/uploads\/2022\/04\/Tutorial-3_FR-2-271x300.png 271w, https:\/\/blog.colmena.media\/wp-content\/uploads\/2022\/04\/Tutorial-3_FR-2-768x851.png 768w, https:\/\/blog.colmena.media\/wp-content\/uploads\/2022\/04\/Tutorial-3_FR-2.png 948w\" sizes=\"(max-width: 427px) 100vw, 427px\" \/><\/figure>\n<!-- \/wp:image -->\n\n<!-- wp:paragraph -->\n<p>5- V\u00e9rifiez votre bo\u00eete de r\u00e9ception (v\u00e9rifiez les spams ou les courriers ind\u00e9sirables)<\/p>\n<!-- \/wp:paragraph -->\n\n<!-- wp:paragraph -->\n<p>6- Entrez le lien<\/p>\n<!-- \/wp:paragraph -->\n\n<!-- wp:paragraph -->\n<p>7- D\u00e9finir un nouveau mot de passe et confirmer le mot de passe<\/p>\n<!-- \/wp:paragraph -->\n\n<!-- wp:image {\"id\":4998,\"width\":426,\"height\":332,\"sizeSlug\":\"full\",\"linkDestination\":\"none\"} -->\n<figure class=\"wp-block-image size-full is-resized\"><img loading=\"lazy\" decoding=\"async\" src=\"https:\/\/blog.colmena.media\/wp-content\/uploads\/2022\/04\/Tutorial-3_FR-3.png\" alt=\"\" class=\"wp-image-4998\" width=\"426\" height=\"332\" srcset=\"https:\/\/blog.colmena.media\/wp-content\/uploads\/2022\/04\/Tutorial-3_FR-3.png 811w, https:\/\/blog.colmena.media\/wp-content\/uploads\/2022\/04\/Tutorial-3_FR-3-300x234.png 300w, https:\/\/blog.colmena.media\/wp-content\/uploads\/2022\/04\/Tutorial-3_FR-3-768x598.png 768w\" sizes=\"(max-width: 426px) 100vw, 426px\" \/><\/figure>\n<!-- \/wp:image -->\n\n<!-- wp:paragraph -->\n<p>8- Entrez votre email et votre nouveau mot de passe<\/p>\n<!-- \/wp:paragraph --><\/div>\n\t\t\t\t<\/div>\n\t\t\t\t\t\t\t<div class=\"elementor-toggle-item\">\n\t\t\t\t\t<div id=\"elementor-tab-title-1144\" class=\"elementor-tab-title\" data-tab=\"4\" role=\"button\" aria-controls=\"elementor-tab-content-1144\" aria-expanded=\"false\">\n\t\t\t\t\t\t\t\t\t\t\t\t<span class=\"elementor-toggle-icon elementor-toggle-icon-left\" aria-hidden=\"true\">\n\t\t\t\t\t\t\t\t\t\t\t\t\t\t\t<span class=\"elementor-toggle-icon-closed\"><i class=\"fas fa-caret-right\"><\/i><\/span>\n\t\t\t\t\t\t\t\t<span class=\"elementor-toggle-icon-opened\"><i class=\"elementor-toggle-icon-opened fas fa-caret-up\"><\/i><\/span>\n\t\t\t\t\t\t\t\t\t\t\t\t\t<\/span>\n\t\t\t\t\t\t\t\t\t\t\t\t<a class=\"elementor-toggle-title\" tabindex=\"0\">4. Configuration<\/a>\n\t\t\t\t\t<\/div>\n\n\t\t\t\t\t<div id=\"elementor-tab-content-1144\" class=\"elementor-tab-content elementor-clearfix\" data-tab=\"4\" role=\"region\" aria-labelledby=\"elementor-tab-title-1144\"><!-- wp:paragraph {\"translatedWithWPMLTM\":\"1\"} -->\n<p>1- Allez sur <a href=\"https:\/\/colmena.media\/\"><u>https:\/\/colmena.media<\/u><\/a>&#13;\n<\/p>\n<!-- \/wp:paragraph --><!-- wp:paragraph {\"translatedWithWPMLTM\":\"1\"} -->\n<p>2- Entrez le courriel et le mot de passe<\/p>\n<!-- \/wp:paragraph --><!-- wp:paragraph {\"translatedWithWPMLTM\":\"1\"} -->\n<p>3- Option &#8220;Configuration&#8221; dans le menu principal<\/p>\n<!-- \/wp:paragraph --><!-- wp:image {\"id\":4909,\"width\":487,\"height\":310,\"sizeSlug\":\"large\",\"linkDestination\":\"none\"} -->\n<figure class=\"wp-block-image size-large is-resized\"><img loading=\"lazy\" decoding=\"async\" src=\"https:\/\/blog.colmena.media\/wp-content\/uploads\/2022\/04\/Tutorial-4_EN-1-1024x652.png\" alt=\"\" class=\"wp-image-4909\" width=\"487\" height=\"310\" srcset=\"https:\/\/blog.colmena.media\/wp-content\/uploads\/2022\/04\/Tutorial-4_EN-1-1024x652.png 1024w, https:\/\/blog.colmena.media\/wp-content\/uploads\/2022\/04\/Tutorial-4_EN-1-300x191.png 300w, https:\/\/blog.colmena.media\/wp-content\/uploads\/2022\/04\/Tutorial-4_EN-1-768x489.png 768w, https:\/\/blog.colmena.media\/wp-content\/uploads\/2022\/04\/Tutorial-4_EN-1.png 1080w\" sizes=\"(max-width: 487px) 100vw, 487px\" \/><\/figure>\n<!-- \/wp:image --><!-- wp:paragraph {\"translatedWithWPMLTM\":\"1\"} -->\n<p>4- Dans cette section, vous pouvez configurer<\/p>\n<!-- \/wp:paragraph --><!-- wp:paragraph {\"translatedWithWPMLTM\":\"1\"} -->\n<p>Informations de votre profil<\/p>\n<!-- \/wp:paragraph --><!-- wp:paragraph {\"translatedWithWPMLTM\":\"1\"} -->\n<p>Langue<\/p>\n<!-- \/wp:paragraph --><!-- wp:paragraph {\"translatedWithWPMLTM\":\"1\"} -->\n<p>Quitter (d\u00e9connexion)<\/p>\n<!-- \/wp:paragraph --><!-- wp:paragraph {\"translatedWithWPMLTM\":\"1\"} -->\n<p>Ces outils ne sont pas encore disponibles dans cette version, mais le seront dans les futures versions. <\/p>\n<!-- \/wp:paragraph --><\/div>\n\t\t\t\t<\/div>\n\t\t\t\t\t\t\t<div class=\"elementor-toggle-item\">\n\t\t\t\t\t<div id=\"elementor-tab-title-1145\" class=\"elementor-tab-title\" data-tab=\"5\" role=\"button\" aria-controls=\"elementor-tab-content-1145\" aria-expanded=\"false\">\n\t\t\t\t\t\t\t\t\t\t\t\t<span class=\"elementor-toggle-icon elementor-toggle-icon-left\" aria-hidden=\"true\">\n\t\t\t\t\t\t\t\t\t\t\t\t\t\t\t<span class=\"elementor-toggle-icon-closed\"><i class=\"fas fa-caret-right\"><\/i><\/span>\n\t\t\t\t\t\t\t\t<span class=\"elementor-toggle-icon-opened\"><i class=\"elementor-toggle-icon-opened fas fa-caret-up\"><\/i><\/span>\n\t\t\t\t\t\t\t\t\t\t\t\t\t<\/span>\n\t\t\t\t\t\t\t\t\t\t\t\t<a class=\"elementor-toggle-title\" tabindex=\"0\">5. Inviter un\/une nouveau\/ nouvelle membre \u00e0 Colmena<\/a>\n\t\t\t\t\t<\/div>\n\n\t\t\t\t\t<div id=\"elementor-tab-content-1145\" class=\"elementor-tab-content elementor-clearfix\" data-tab=\"5\" role=\"region\" aria-labelledby=\"elementor-tab-title-1145\"><!-- wp:paragraph -->\n<p>1- Allez sur https:\/\/colmena.media<\/p>\n<!-- \/wp:paragraph -->\n\n<!-- wp:paragraph -->\n<p>2- Entrez le courriel et le mot de passe<\/p>\n<!-- \/wp:paragraph -->\n\n<!-- wp:paragraph -->\n<p>3- Option &#8220;Modifier le profil multim\u00e9dia&#8221; dans le menu principal<\/p>\n<!-- \/wp:paragraph -->\n\n<!-- wp:image {\"id\":5004,\"width\":429,\"height\":344,\"sizeSlug\":\"large\",\"linkDestination\":\"none\"} -->\n<figure class=\"wp-block-image size-large is-resized\"><img loading=\"lazy\" decoding=\"async\" src=\"https:\/\/blog.colmena.media\/wp-content\/uploads\/2022\/04\/Tutorial-5_FR-1-1024x821.png\" alt=\"\" class=\"wp-image-5004\" width=\"429\" height=\"344\" srcset=\"https:\/\/blog.colmena.media\/wp-content\/uploads\/2022\/04\/Tutorial-5_FR-1-1024x821.png 1024w, https:\/\/blog.colmena.media\/wp-content\/uploads\/2022\/04\/Tutorial-5_FR-1-300x241.png 300w, https:\/\/blog.colmena.media\/wp-content\/uploads\/2022\/04\/Tutorial-5_FR-1-768x616.png 768w, https:\/\/blog.colmena.media\/wp-content\/uploads\/2022\/04\/Tutorial-5_FR-1.png 1080w\" sizes=\"(max-width: 429px) 100vw, 429px\" \/><\/figure>\n<!-- \/wp:image -->\n\n<!-- wp:paragraph -->\n<p>4- Vous pouvez modifier l&#8217;image ou le logo<\/p>\n<!-- \/wp:paragraph -->\n\n<!-- wp:image {\"id\":5005,\"width\":427,\"height\":163,\"sizeSlug\":\"full\",\"linkDestination\":\"none\"} -->\n<figure class=\"wp-block-image size-full is-resized\"><img loading=\"lazy\" decoding=\"async\" src=\"https:\/\/blog.colmena.media\/wp-content\/uploads\/2022\/04\/Tutorial-5_FR-2.png\" alt=\"\" class=\"wp-image-5005\" width=\"427\" height=\"163\" srcset=\"https:\/\/blog.colmena.media\/wp-content\/uploads\/2022\/04\/Tutorial-5_FR-2.png 747w, https:\/\/blog.colmena.media\/wp-content\/uploads\/2022\/04\/Tutorial-5_FR-2-300x115.png 300w\" sizes=\"(max-width: 427px) 100vw, 427px\" \/><\/figure>\n<!-- \/wp:image -->\n\n<!-- wp:paragraph -->\n<p> 5- Ic\u00f4ne + pour inviter un\/une nouveau\/ nouvelle membre\r\n<\/p>\n<!-- \/wp:paragraph -->\n\n<!-- wp:image {\"id\":5006,\"width\":426,\"height\":290,\"sizeSlug\":\"full\",\"linkDestination\":\"none\"} -->\n<figure class=\"wp-block-image size-full is-resized\"><img loading=\"lazy\" decoding=\"async\" src=\"https:\/\/blog.colmena.media\/wp-content\/uploads\/2022\/04\/Tutorial-5_FR-3.png\" alt=\"\" class=\"wp-image-5006\" width=\"426\" height=\"290\" srcset=\"https:\/\/blog.colmena.media\/wp-content\/uploads\/2022\/04\/Tutorial-5_FR-3.png 466w, https:\/\/blog.colmena.media\/wp-content\/uploads\/2022\/04\/Tutorial-5_FR-3-300x204.png 300w\" sizes=\"(max-width: 426px) 100vw, 426px\" \/><\/figure>\n<!-- \/wp:image -->\n\n<!-- wp:paragraph -->\n<p>Lieu:<\/p>\n<!-- \/wp:paragraph -->\n\n<!-- wp:paragraph -->\n<p>Nom<\/p>\n<!-- \/wp:paragraph -->\n\n<!-- wp:paragraph -->\n<p>Courriel<\/p>\n<!-- \/wp:paragraph -->\n\n<!-- wp:paragraph -->\n<p>Permis<\/p>\n<!-- \/wp:paragraph -->\n\n<!-- wp:paragraph -->\n<p>\u201cEnvoyer\u201d<\/p>\n<!-- \/wp:paragraph -->\n\n<!-- wp:image {\"id\":5008,\"width\":425,\"height\":552,\"sizeSlug\":\"large\",\"linkDestination\":\"none\"} -->\n<figure class=\"wp-block-image size-large is-resized\"><img loading=\"lazy\" decoding=\"async\" src=\"https:\/\/blog.colmena.media\/wp-content\/uploads\/2022\/04\/Tutorial-5_FR-4-789x1024.png\" alt=\"\" class=\"wp-image-5008\" width=\"425\" height=\"552\" srcset=\"https:\/\/blog.colmena.media\/wp-content\/uploads\/2022\/04\/Tutorial-5_FR-4-789x1024.png 789w, https:\/\/blog.colmena.media\/wp-content\/uploads\/2022\/04\/Tutorial-5_FR-4-231x300.png 231w, https:\/\/blog.colmena.media\/wp-content\/uploads\/2022\/04\/Tutorial-5_FR-4-768x997.png 768w, https:\/\/blog.colmena.media\/wp-content\/uploads\/2022\/04\/Tutorial-5_FR-4.png 964w\" sizes=\"(max-width: 425px) 100vw, 425px\" \/><\/figure>\n<!-- \/wp:image -->\n\n<!-- wp:paragraph -->\n<p>La personne recevra une notification avec un lien pour d\u00e9finir le mot de passe de son compte de profil dans Colmena.<\/p>\n<!-- \/wp:paragraph -->\n\n<!-- wp:paragraph -->\n<p>Demandez d&#8217;abord \u00e0 la personne avec quel compte de messagerie elle souhaite s&#8217;inscrire.<\/p>\n<!-- \/wp:paragraph -->\n\n<!-- wp:paragraph -->\n<p><\/p>\n<!-- \/wp:paragraph --><\/div>\n\t\t\t\t<\/div>\n\t\t\t\t\t\t\t<div class=\"elementor-toggle-item\">\n\t\t\t\t\t<div id=\"elementor-tab-title-1146\" class=\"elementor-tab-title\" data-tab=\"6\" role=\"button\" aria-controls=\"elementor-tab-content-1146\" aria-expanded=\"false\">\n\t\t\t\t\t\t\t\t\t\t\t\t<span class=\"elementor-toggle-icon elementor-toggle-icon-left\" aria-hidden=\"true\">\n\t\t\t\t\t\t\t\t\t\t\t\t\t\t\t<span class=\"elementor-toggle-icon-closed\"><i class=\"fas fa-caret-right\"><\/i><\/span>\n\t\t\t\t\t\t\t\t<span class=\"elementor-toggle-icon-opened\"><i class=\"elementor-toggle-icon-opened fas fa-caret-up\"><\/i><\/span>\n\t\t\t\t\t\t\t\t\t\t\t\t\t<\/span>\n\t\t\t\t\t\t\t\t\t\t\t\t<a class=\"elementor-toggle-title\" tabindex=\"0\">6. Editer Mon profil<\/a>\n\t\t\t\t\t<\/div>\n\n\t\t\t\t\t<div id=\"elementor-tab-content-1146\" class=\"elementor-tab-content elementor-clearfix\" data-tab=\"6\" role=\"region\" aria-labelledby=\"elementor-tab-title-1146\"><!-- wp:paragraph -->\n<p>1- Allez sur https:\/\/colmena.media<\/p>\n<!-- \/wp:paragraph -->\n\n<!-- wp:paragraph -->\n<p>2- Saisissez le courriel et le mot de passe de votre compte<\/p>\n<!-- \/wp:paragraph -->\n\n<!-- wp:paragraph -->\n<p>3- Option &#8220;Mon profil&#8221; dans le menu principal<\/p>\n<!-- \/wp:paragraph -->\n\n<!-- wp:image {\"id\":5010,\"width\":427,\"height\":93,\"sizeSlug\":\"large\",\"linkDestination\":\"none\"} -->\n<figure class=\"wp-block-image size-large is-resized\"><img loading=\"lazy\" decoding=\"async\" src=\"https:\/\/blog.colmena.media\/wp-content\/uploads\/2022\/04\/Tutorial-7_FR-0-1-1024x222.png\" alt=\"\" class=\"wp-image-5010\" width=\"427\" height=\"93\" srcset=\"https:\/\/blog.colmena.media\/wp-content\/uploads\/2022\/04\/Tutorial-7_FR-0-1-1024x222.png 1024w, https:\/\/blog.colmena.media\/wp-content\/uploads\/2022\/04\/Tutorial-7_FR-0-1-300x65.png 300w, https:\/\/blog.colmena.media\/wp-content\/uploads\/2022\/04\/Tutorial-7_FR-0-1-768x166.png 768w, https:\/\/blog.colmena.media\/wp-content\/uploads\/2022\/04\/Tutorial-7_FR-0-1.png 1100w\" sizes=\"(max-width: 427px) 100vw, 427px\" \/><\/figure>\n<!-- \/wp:image -->\n\n<!-- wp:paragraph -->\n<p>4- Modifier la photo de profil<\/p>\n<!-- \/wp:paragraph -->\n\n<!-- wp:image {\"id\":5012,\"width\":427,\"height\":320,\"sizeSlug\":\"full\",\"linkDestination\":\"none\"} -->\n<figure class=\"wp-block-image size-full is-resized\"><img loading=\"lazy\" decoding=\"async\" src=\"https:\/\/blog.colmena.media\/wp-content\/uploads\/2022\/04\/Tutorial-7_FR-1.png\" alt=\"\" class=\"wp-image-5012\" width=\"427\" height=\"320\" srcset=\"https:\/\/blog.colmena.media\/wp-content\/uploads\/2022\/04\/Tutorial-7_FR-1.png 812w, https:\/\/blog.colmena.media\/wp-content\/uploads\/2022\/04\/Tutorial-7_FR-1-300x225.png 300w, https:\/\/blog.colmena.media\/wp-content\/uploads\/2022\/04\/Tutorial-7_FR-1-768x575.png 768w\" sizes=\"(max-width: 427px) 100vw, 427px\" \/><\/figure>\n<!-- \/wp:image -->\n\n<!-- wp:paragraph -->\n<p>5- Modifiez le pr\u00e9nom et le nom<\/p>\n<!-- \/wp:paragraph -->\n\n<!-- wp:paragraph -->\n<p>6- Changer de courriel<\/p>\n<!-- \/wp:paragraph -->\n\n<!-- wp:paragraph -->\n<p>7- &#8220;Enregistrer&#8221;<\/p>\n<!-- \/wp:paragraph -->\n\n<!-- wp:paragraph -->\n<p>8- Vous pouvez r\u00e9initialiser votre mot de passe<\/p>\n<!-- \/wp:paragraph -->\n\n<!-- wp:image {\"id\":5013,\"width\":424,\"height\":363,\"sizeSlug\":\"large\",\"linkDestination\":\"none\"} -->\n<figure class=\"wp-block-image size-large is-resized\"><img loading=\"lazy\" decoding=\"async\" src=\"https:\/\/blog.colmena.media\/wp-content\/uploads\/2022\/04\/Tutorial-7_FR-2-1024x876.png\" alt=\"\" class=\"wp-image-5013\" width=\"424\" height=\"363\" srcset=\"https:\/\/blog.colmena.media\/wp-content\/uploads\/2022\/04\/Tutorial-7_FR-2-1024x876.png 1024w, https:\/\/blog.colmena.media\/wp-content\/uploads\/2022\/04\/Tutorial-7_FR-2-300x257.png 300w, https:\/\/blog.colmena.media\/wp-content\/uploads\/2022\/04\/Tutorial-7_FR-2-768x657.png 768w, https:\/\/blog.colmena.media\/wp-content\/uploads\/2022\/04\/Tutorial-7_FR-2.png 1073w\" sizes=\"(max-width: 424px) 100vw, 424px\" \/><\/figure>\n<!-- \/wp:image --><\/div>\n\t\t\t\t<\/div>\n\t\t\t\t\t\t\t\t<\/div>\n\t\t\t\t<\/div>\n\t\t\t\t<\/div>\n\t\t\t\t\t<\/div>\n\t\t<\/div>\n\t\t\t\t\t<\/div>\n\t\t<\/section>\n\t\t\t\t<\/div>\n\t\t","protected":false},"excerpt":{"rendered":"<p>1. Installez l&#8217;application Colmena 2. Configurer la langue 3. Changer ou r\u00e9cup\u00e9rer le mot de passe 4. Configuration 5. Inviter un\/une nouveau\/ nouvelle membre \u00e0 Colmena 6. Editer Mon profil<\/p>\n","protected":false},"author":2,"featured_media":0,"parent":0,"menu_order":0,"comment_status":"closed","ping_status":"closed","template":"","meta":{"_acf_changed":false,"inline_featured_image":false,"footnotes":""},"class_list":["post-4867","page","type-page","status-publish"],"acf":[],"_links":{"self":[{"href":"https:\/\/blog.colmena.media\/fr\/wp-json\/wp\/v2\/pages\/4867","targetHints":{"allow":["GET"]}}],"collection":[{"href":"https:\/\/blog.colmena.media\/fr\/wp-json\/wp\/v2\/pages"}],"about":[{"href":"https:\/\/blog.colmena.media\/fr\/wp-json\/wp\/v2\/types\/page"}],"author":[{"embeddable":true,"href":"https:\/\/blog.colmena.media\/fr\/wp-json\/wp\/v2\/users\/2"}],"replies":[{"embeddable":true,"href":"https:\/\/blog.colmena.media\/fr\/wp-json\/wp\/v2\/comments?post=4867"}],"version-history":[{"count":1,"href":"https:\/\/blog.colmena.media\/fr\/wp-json\/wp\/v2\/pages\/4867\/revisions"}],"predecessor-version":[{"id":4868,"href":"https:\/\/blog.colmena.media\/fr\/wp-json\/wp\/v2\/pages\/4867\/revisions\/4868"}],"wp:attachment":[{"href":"https:\/\/blog.colmena.media\/fr\/wp-json\/wp\/v2\/media?parent=4867"}],"curies":[{"name":"wp","href":"https:\/\/api.w.org\/{rel}","templated":true}]}}