{"id":5076,"date":"2022-04-27T07:30:56","date_gmt":"2022-04-27T07:30:56","guid":{"rendered":"https:\/\/blog.colmena.media\/terminos-y-condiciones-del-servicio\/"},"modified":"2022-04-28T08:13:25","modified_gmt":"2022-04-28T08:13:25","slug":"terms","status":"publish","type":"page","link":"https:\/\/blog.colmena.media\/es\/terms\/","title":{"rendered":"T\u00e9rminos y Condiciones del Servicio"},"content":{"rendered":"\n<h3 class=\"wp-block-heading\">1.- \u00bfQui\u00e9n puede hacer uso de Colmena?<\/h3>\n\n\n\n<p>Colmena es una comunidad y un espacio destinado a medios pertenecientes al tercer sector o medios sin fines de lucro. Dentro de estos se encuentran, de manera enunciativa m\u00e1s no limitativa, todos los medios que se autodefinen como alternativos, libres, comunitarios, educativos, populares o locales. Esta comunidad est\u00e1 compuesta por medios comprometidos con el respeto y con la protecci\u00f3n de los derechos humanos, por lo que no se permite que se vulneren estos derechos a trav\u00e9s de sus contenidos, pr\u00e1cticas o integrantes. Medios que se dedican principalmente a realizar propaganda pol\u00edtica o proselitismo religioso no podr\u00e1n formar parte de este espacio.<\/p>\n\n\n\n<h3 class=\"wp-block-heading\">2.- \u00bfQu\u00e9 funcionalidades ofrece Colmena?<\/h3>\n\n\n\n<p>Colmena es una comunidad creada para que los medios de comunicaci\u00f3n locales y comunitarios trabajen en colaboraci\u00f3n, a trav\u00e9s de la creaci\u00f3n y la compartici\u00f3n de contenidos. Para lograr esto, Colmena cuenta con las siguientes posibilidades: <\/p>\n\n\n\n<ul class=\"wp-block-list\"><li><em><strong>Cloud:<\/strong> <\/em>permite la creaci\u00f3n o intercambio de contenidos entre usuarios del mismo medio, de otros medios con cuenta, y hacia fuera de la plataforma mediante un link p\u00fablico. \u200bLas funcionalidades integradas en la herramienta de Cloud son: chat interno, editor de audio, editor de texto y reuni\u00f3n interna por medio de audioconferencia (encriptadas y sin registro).<\/li><li><em><strong>Publicaciones:<\/strong><\/em> los medios podr\u00e1n compartir producciones finales como noticias, podcast, contenido audiovisual entre personas de su equipo o con terceros.<\/li><li><em><strong>Virtual Studio:<\/strong> <\/em>Espacio creado para interactuar con personas externas a la plataforma, es decir, que no est\u00e9n registradas dentro de Colmena. Las personas sin cuenta podr\u00e1n unirse a las conferencias por medio de un enlace. Los anfitriones del evento de audio-conferencias tendr\u00e1n la opci\u00f3n de grabar o transmitir en vivo.<\/li><li><em><strong>Streaming<\/strong><\/em>: Emitir se\u00f1ales de audio a trav\u00e9s de servicios de streaming (stream featured).<\/li><\/ul>\n\n\n\n<h3 class=\"wp-block-heading\">3.- \u00bfC\u00f3mo crear una cuenta?<\/h3>\n\n\n\n<p>Colmena es una comunidad, por lo que no funciona con una l\u00f3gica de servicio tradicional en el que se replican las relaciones proveedor-cliente. Las personas que deseen ser parte de la comunidad tienen que involucrarse con el sostenimiento y preservaci\u00f3n del espacio. Para esto, se han pensado tres mecanismos principales que permitir\u00e1n a los medios integrarse a la comunidad:<\/p>\n\n\n\n<ul class=\"wp-block-list\"><li><em><strong>Por invitaci\u00f3n:<\/strong><\/em> Las organizaciones que coordinan Colmena podr\u00e1n otorgar c\u00f3digos de invitaci\u00f3n a medios para tener cuentas en la instancia de Colmena. Estas invitaciones no necesitan ser evaluadas ni aprobadas. El Equipo de Coordinaci\u00f3n informar\u00e1 al resto de medios a trav\u00e9s de una lista de correo (newsletter) de las nuevas incorporaciones.<\/li><li><em><strong>Por recomendaci\u00f3n:<\/strong><\/em> Los medios que son parte de Colmena podr\u00e1n recomendar la plataforma a otros medios. Estas recomendaciones ser\u00e1n evaluadas por el Equipo de Coordinaci\u00f3n de la regi\u00f3n de manera expedita.<\/li><li><em><strong>Por formulario:<\/strong><\/em> Los medios que se encuentren interesados, pero que no est\u00e9n dentro de los supuestos anteriormente mencionados, podr\u00e1n llenar un formulario donde describan de manera detallada su proyecto de comunicaci\u00f3n y las caracter\u00edsticas del medio. El Equipo Directivo, con asesor\u00eda del Consejo Regional, ser\u00e1 el responsable de evaluar estas solicitudes, a trav\u00e9s de un procedimiento dial\u00f3gico y transparente.<\/li><\/ul>\n\n\n\n<h3 class=\"wp-block-heading\">4.- Uso de Colmena<\/h3>\n\n\n\n<p>Los medios que utilicen Colmena se comprometen a hacerlo en respeto a la legislaci\u00f3n aplicable en su pa\u00eds de residencia, a lo aqu\u00ed estipulado y al C\u00f3digo de Conducta. Si se infringen las condiciones o pol\u00edticas aqu\u00ed establecidas, Colmena se reserva el derecho de tomar decisiones sobre la cuenta del medio, como inhabilitarla o suspenderla. <\/p>\n\n\n\n<p>Los medios que utilicen Colmena se comprometen a designar a una persona de contacto para que mantenga una comunicaci\u00f3n activa con los Responsables de Colmena. Esta persona responder\u00e1 sobre las acciones y las decisiones que tome el medio, es decir, ser\u00e1 la Responsable del Medio. Al ingresar a Colmena, el medio se compromete a publicar el contacto de la persona responsable y dar aviso en caso de sustituci\u00f3n o cambio. Adem\u00e1s, la persona responsable tendr\u00e1 que asistir una vez al a\u00f1o a la Asamblea de Colmena, donde se tomar\u00e1n decisiones importantes para el funcionamiento del espacio.  <\/p>\n\n\n\n<p>Los medios se comprometen a hacer un uso activo y frecuente de Colmena, pues s\u00f3lo de esta manera se podr\u00e1 lograr una comunidad digital. Se considera que una cuenta est\u00e1 inactiva cuando nadie del medio ha ingresado por un periodo de seis meses o no ha publicado nada en un a\u00f1o. La inactividad es motivo de baja, en cuyo caso se notificar\u00e1 al contacto responsable para darle derecho de audiencia antes de proceder a la baja definitiva. <\/p>\n\n\n\n<p>El medio se compromete a reportar cualquier fallo que detecte en la plataforma, pero tambi\u00e9n a participar de manera activa en la co-creaci\u00f3n de la misma. Esta participaci\u00f3n puede darse sugiriendo mejoras, contribuyendo a las traducciones, entre otros mecanismos.   \r\n<\/p>\n\n\n\n<h3 class=\"wp-block-heading\">5.- Contenidos<\/h3>\n\n\n\n<p>Cada medio es responsable de los contenidos que crea, archiva o comparte. Un contenido se considera archivos de datos, funciones del dispositivo, texto, gr\u00e1ficos, im\u00e1genes, videos, m\u00fasica con o sin letra, podcast, o cualquier informaci\u00f3n que pueda generar el uso de la plataforma. Colmena no es responsable del contenido que infrinja las leyes o normativas aplicables. <\/p>\n\n\n\n<p>Al acceder y formar parte de Colmena, los medios y sus integrantes se comprometen a aportar, utilizar y compartir contenidos de creaci\u00f3n propia. En el caso de aportar, utilizar y compartir contenidos de terceros, deber\u00e1n contar con las licencias y autorizaciones necesarias y suficientes para los usos espec\u00edficos que pretendan darles, en las ubicaciones geogr\u00e1ficas o medios en que ser\u00e1n visualizados.<\/p>\n\n\n\n<p>Asimismo los medios y sus integrantes, al aportar, utilizar y compartir contenidos de terceros que consideren de libre utilizaci\u00f3n (p.e. fair use), deber\u00e1n guiarse y asesorarse previamente de acuerdo con las legislaciones propias en materia de derechos de autor, y en su caso por los tratados comerciales o convenios internacionales en la materia como lo es, entre otros, el Convenio de Berna para la protecci\u00f3n de las Obras Literarias y Art\u00edsticas, y dem\u00e1s relativos y aplicables que regulan este tipo de usos.<\/p>\n\n\n\n<p>Si tu obra protegida por derechos de autor se public\u00f3 en Colmena sin autorizaci\u00f3n, puedes enviar una solicitud de eliminaci\u00f3n por incumplimiento de los derechos de autor. Esta acci\u00f3n iniciar\u00e1 un proceso legal de acuerdo con la jurisdicci\u00f3n correspondiente, a trav\u00e9s del cual podr\u00e1 eliminarse el contenido y notificar al usuario, o notificar al usuario, al denunciante y de acuerdo a estas respuestas eliminar o mantener el contenido. Del mismo modo, Colmena puede eliminar de oficio el contenido, a trav\u00e9s de un procedimiento espec\u00edfico, si tienen motivos suficientes para creer que el mismo no cumple con las disposiciones legales correspondientes, el C\u00f3digo de Conducta o con los presentes T\u00e9rminos y Condiciones del Servicio. <\/p>\n\n\n\n<p>Puedes retirar tu Contenido en cualquier momento, excepto que haya sido compartido con terceros o co-creado. Tambi\u00e9n tienes la opci\u00f3n de realizar una copia de tu contenido antes de retirarlo. <\/p>\n\n\n\n<h3 class=\"wp-block-heading\">6.- Limitaci\u00f3n de responsabilidad<\/h3>\n\n\n\n<p>Colmena no otorga ninguna garant\u00eda, ni realiza ninguna manifestaci\u00f3n y excluye todas las responsabilidades en lo que respecta a: (i) la integridad, exactitud, disponibilidad, puntualidad, seguridad o fiabilidad de los Servicios o de cualquier Contenido; (ii) cualquier da\u00f1o que pueda sufrir su sistema inform\u00e1tico, p\u00e9rdida de datos u otros da\u00f1os que resulten de su acceso o uso de los Servicios o de cualquier Contenido; (iii) la eliminaci\u00f3n de cualesquiera Contenidos u otras comunicaciones mantenidas por los Servicios o la imposibilidad de almacenar o transmitir tales Contenidos o comunicaciones; y (iv) si los Servicios cumplir\u00e1n sus requisitos o estar\u00e1n disponibles de forma ininterrumpida, segura o sin errores.<\/p>\n\n\n\n<h3 class=\"wp-block-heading\">7.- Suspensi\u00f3n y Cancelaci\u00f3n de la Cuenta<\/h3>\n\n\n\n<p>Existen tres mecanismos por los cu\u00e1les se puede suspender o cancelar una cuenta dentro de Colmena. <\/p>\n\n\n\n<ul class=\"wp-block-list\"><li><em><strong>Expulsi\u00f3n<\/strong><\/em>: Un medio puede ser expulsado de Colmena si se demuestra que incumple con las leyes y la normativa aplicable en la regi\u00f3n, con los t\u00e9rminos y Condiciones del Servicio o con el C\u00f3digo de Conducta. El procedimiento podr\u00e1 iniciar de oficio o por denuncia (se podr\u00e1n recibir denuncias a trav\u00e9s del formulario disponible en la p\u00e1gina web) y se desahogar\u00e1 por el Consejo y la Coordinaci\u00f3n Regional, los cu\u00e1les publicar\u00e1n sus reglas de operaci\u00f3n para el desahogo del procedimiento.<\/li><li><em><strong>A petici\u00f3n de parte:<\/strong><\/em> Solamente la persona Responsable del Medio podr\u00e1 solicitar la baja de Colmena. Esta solicitud podr\u00e1 hacerse a trav\u00e9s del correo de atenci\u00f3n de cuentas. El equipo de coordinaci\u00f3n otorgar\u00e1 un plazo de 10 d\u00edas para respaldar los archivos, pasada esa fecha todos los contenidos ser\u00e1n eliminados. No se eliminar\u00e1 el contenido compartido a terceros.<\/li><li><em><strong>Inactividad<\/strong><\/em>: Se entiende que una cuenta est\u00e1 \u201cinactiva\u201d cuando nadie del medio ha ingresado (iniciado sesi\u00f3n) por un periodo de 6 meses o no se han publicado producciones en el plazo de 1 a\u00f1o. En caso de suspensi\u00f3n de cuentas por esta causal, se dar\u00e1 derecho de audiencia antes de proceder a la baja definitiva.<\/li><\/ul>\n\n\n\n<h3 class=\"wp-block-heading\">8.- Extinci\u00f3n de la Colmena<\/h3>\n\n\n\n<p>Si Colmena tuviera que cerrar las instancias propias lo notificar\u00e1 en la web oficial del proyecto al menos con seis meses de antelaci\u00f3n. <\/p>\n\n\n\n<h3 class=\"wp-block-heading\">9.- Resoluci\u00f3n de conflictos<\/h3>\n\n\n\n<p>Las Partes procurar\u00e1n en todo momento llegar a un acuerdo sobre la interpretaci\u00f3n y la aplicaci\u00f3n de estos T\u00e9rminos y Condiciones, y realizar\u00e1n todos los esfuerzos, mediante el di\u00e1logo para alcanzar una soluci\u00f3n cuando exista un conflicto con la interpretaci\u00f3n o aplicaci\u00f3n de los mismos. En caso de no ser posible, la resoluci\u00f3n de los conflictos se dar\u00e1 de acuerdo con las leyes y la normativa aplicable del pa\u00eds de residencia del medio que tenga jurisdicci\u00f3n sobre la disputa. Las partes antes de acudir a una instancia jurisdiccional o administrativa agotar\u00e1n el procedimiento de conciliaci\u00f3n y resoluci\u00f3n de disputas establecido.\t\r\n<\/p>\n\n\n\n<h3 class=\"wp-block-heading\">10.- Modificaci\u00f3n de los T\u00e9rminos y Condiciones del Servicio<\/h3>\n\n\n\n<p>Podemos modificar los T\u00e9rminos y Condiciones del Servicio para adaptarlos al funcionamiento y las necesidades de la comunidad que se cree. Si hacemos modificaciones relevantes se dar\u00e1 aviso con tiempo suficiente a los medios que forman parte del espacio y se dar\u00e1n a conocer p\u00fablicamente los t\u00e9rminos modificados. Si no est\u00e1s de acuerdo con los nuevos t\u00e9rminos, debes retirar el Contenido que hayas subido y dejar de usar Colmena.<\/p>\n","protected":false},"excerpt":{"rendered":"<p>1.- \u00bfQui\u00e9n puede hacer uso de Colmena? Colmena es una comunidad y un espacio destinado a medios pertenecientes al tercer sector o medios sin fines de lucro. Dentro de estos se encuentran, de manera enunciativa m\u00e1s no limitativa, todos los medios que se autodefinen como alternativos, libres, comunitarios, educativos, populares o locales. Esta comunidad est\u00e1 &#8230; <a title=\"T\u00e9rminos y Condiciones del Servicio\" class=\"read-more\" href=\"https:\/\/blog.colmena.media\/es\/terms\/\" aria-label=\"M\u00e1s en T\u00e9rminos y Condiciones del Servicio\">Leer m\u00e1s<\/a><\/p>\n","protected":false},"author":2,"featured_media":0,"parent":0,"menu_order":0,"comment_status":"closed","ping_status":"closed","template":"","meta":{"_acf_changed":false,"inline_featured_image":false,"footnotes":""},"class_list":["post-5076","page","type-page","status-publish"],"acf":[],"_links":{"self":[{"href":"https:\/\/blog.colmena.media\/es\/wp-json\/wp\/v2\/pages\/5076","targetHints":{"allow":["GET"]}}],"collection":[{"href":"https:\/\/blog.colmena.media\/es\/wp-json\/wp\/v2\/pages"}],"about":[{"href":"https:\/\/blog.colmena.media\/es\/wp-json\/wp\/v2\/types\/page"}],"author":[{"embeddable":true,"href":"https:\/\/blog.colmena.media\/es\/wp-json\/wp\/v2\/users\/2"}],"replies":[{"embeddable":true,"href":"https:\/\/blog.colmena.media\/es\/wp-json\/wp\/v2\/comments?post=5076"}],"version-history":[{"count":2,"href":"https:\/\/blog.colmena.media\/es\/wp-json\/wp\/v2\/pages\/5076\/revisions"}],"predecessor-version":[{"id":5078,"href":"https:\/\/blog.colmena.media\/es\/wp-json\/wp\/v2\/pages\/5076\/revisions\/5078"}],"wp:attachment":[{"href":"https:\/\/blog.colmena.media\/es\/wp-json\/wp\/v2\/media?parent=5076"}],"curies":[{"name":"wp","href":"https:\/\/api.w.org\/{rel}","templated":true}]}}