{"id":4654,"date":"2022-04-19T13:45:36","date_gmt":"2022-04-19T13:45:36","guid":{"rendered":"https:\/\/blog.colmena.media\/ayuda\/"},"modified":"2022-04-27T08:23:13","modified_gmt":"2022-04-27T08:23:13","slug":"ayuda","status":"publish","type":"page","link":"https:\/\/blog.colmena.media\/es\/ayuda\/","title":{"rendered":"Ayuda"},"content":{"rendered":"\t\t<div data-elementor-type=\"wp-page\" data-elementor-id=\"4654\" class=\"elementor elementor-4654 elementor-3603\" data-elementor-post-type=\"page\">\n\t\t\t\t\t\t<section class=\"elementor-section elementor-top-section elementor-element elementor-element-5374534 elementor-section-boxed elementor-section-height-default elementor-section-height-default\" data-id=\"5374534\" data-element_type=\"section\" data-settings=\"{&quot;jet_parallax_layout_list&quot;:[]}\">\n\t\t\t\t\t\t<div class=\"elementor-container elementor-column-gap-default\">\n\t\t\t\t\t<div class=\"elementor-column elementor-col-100 elementor-top-column elementor-element elementor-element-5ac61830\" data-id=\"5ac61830\" data-element_type=\"column\">\n\t\t\t<div class=\"elementor-widget-wrap elementor-element-populated\">\n\t\t\t\t\t\t<div class=\"elementor-element elementor-element-6ce4218 elementor-widget elementor-widget-toggle\" data-id=\"6ce4218\" data-element_type=\"widget\" data-widget_type=\"toggle.default\">\n\t\t\t\t<div class=\"elementor-widget-container\">\n\t\t\t\t\t<div class=\"elementor-toggle\">\n\t\t\t\t\t\t\t<div class=\"elementor-toggle-item\">\n\t\t\t\t\t<div id=\"elementor-tab-title-1141\" class=\"elementor-tab-title\" data-tab=\"1\" role=\"button\" aria-controls=\"elementor-tab-content-1141\" aria-expanded=\"false\">\n\t\t\t\t\t\t\t\t\t\t\t\t<span class=\"elementor-toggle-icon elementor-toggle-icon-left\" aria-hidden=\"true\">\n\t\t\t\t\t\t\t\t\t\t\t\t\t\t\t<span class=\"elementor-toggle-icon-closed\"><i class=\"fas fa-caret-right\"><\/i><\/span>\n\t\t\t\t\t\t\t\t<span class=\"elementor-toggle-icon-opened\"><i class=\"elementor-toggle-icon-opened fas fa-caret-up\"><\/i><\/span>\n\t\t\t\t\t\t\t\t\t\t\t\t\t<\/span>\n\t\t\t\t\t\t\t\t\t\t\t\t<a class=\"elementor-toggle-title\" tabindex=\"0\">1. Instala la aplicaci\u00f3n<\/a>\n\t\t\t\t\t<\/div>\n\n\t\t\t\t\t<div id=\"elementor-tab-content-1141\" class=\"elementor-tab-content elementor-clearfix\" data-tab=\"1\" role=\"region\" aria-labelledby=\"elementor-tab-title-1141\"><!-- wp:paragraph -->\n<p>1- Ingresa a la aplicaci\u00f3n <a href=\"https:\/\/colmena.media\" target=\"_blank\" rel=\"noreferrer noopener\">https:\/\/colmena.media<\/a>\r\n<\/p>\n<!-- \/wp:paragraph -->\n\n<!-- wp:paragraph -->\n<p>2- Ingresa cuenta de correo y contrase\u00f1a<\/p>\n<!-- \/wp:paragraph -->\n\n<!-- wp:paragraph -->\n<p>3- Opci\u00f3n \u201cInstalar Colmena\u201d en el men\u00fa superior derecho<\/p>\n<!-- \/wp:paragraph -->\n\n<!-- wp:image {\"id\":4953,\"width\":427,\"height\":270,\"sizeSlug\":\"large\",\"linkDestination\":\"none\"} -->\n<figure class=\"wp-block-image size-large is-resized\"><img fetchpriority=\"high\" decoding=\"async\" src=\"https:\/\/blog.colmena.media\/wp-content\/uploads\/2022\/04\/Tutorial-1_ES-1-1024x647.png\" alt=\"\" class=\"wp-image-4953\" width=\"427\" height=\"270\" srcset=\"https:\/\/blog.colmena.media\/wp-content\/uploads\/2022\/04\/Tutorial-1_ES-1-1024x647.png 1024w, https:\/\/blog.colmena.media\/wp-content\/uploads\/2022\/04\/Tutorial-1_ES-1-300x189.png 300w, https:\/\/blog.colmena.media\/wp-content\/uploads\/2022\/04\/Tutorial-1_ES-1-768x485.png 768w, https:\/\/blog.colmena.media\/wp-content\/uploads\/2022\/04\/Tutorial-1_ES-1.png 1080w\" sizes=\"(max-width: 427px) 100vw, 427px\" \/><\/figure>\n<!-- \/wp:image -->\n\n<!-- wp:image {\"id\":4954,\"width\":427,\"height\":165,\"sizeSlug\":\"large\",\"linkDestination\":\"none\"} -->\n<figure class=\"wp-block-image size-large is-resized\"><img decoding=\"async\" src=\"https:\/\/blog.colmena.media\/wp-content\/uploads\/2022\/04\/Tutorial-1_ES-2-1024x396.png\" alt=\"\" class=\"wp-image-4954\" width=\"427\" height=\"165\" srcset=\"https:\/\/blog.colmena.media\/wp-content\/uploads\/2022\/04\/Tutorial-1_ES-2-1024x396.png 1024w, https:\/\/blog.colmena.media\/wp-content\/uploads\/2022\/04\/Tutorial-1_ES-2-300x116.png 300w, https:\/\/blog.colmena.media\/wp-content\/uploads\/2022\/04\/Tutorial-1_ES-2-768x297.png 768w, https:\/\/blog.colmena.media\/wp-content\/uploads\/2022\/04\/Tutorial-1_ES-2.png 1080w\" sizes=\"(max-width: 427px) 100vw, 427px\" \/><\/figure>\n<!-- \/wp:image -->\n\n<!-- wp:paragraph -->\n<p>4- Se crear\u00e1 un icono de acceso directo en la pantalla de tu celular o en el escritorio de la computadora<\/p>\n<!-- \/wp:paragraph -->\n\n<!-- wp:paragraph -->\n<p><img decoding=\"async\" width=\"150\" height=\"145\" class=\"wp-image-3002\" style=\"width: 150px;\" src=\"https:\/\/blog.colmena.media\/wp-content\/uploads\/2022\/04\/C01_A.png\" alt=\"Shorcut_Logo\" srcset=\"https:\/\/blog.colmena.media\/wp-content\/uploads\/2022\/04\/C01_A.png 401w, https:\/\/blog.colmena.media\/wp-content\/uploads\/2022\/04\/C01_A-300x290.png 300w\" sizes=\"(max-width: 150px) 100vw, 150px\" \/><\/p>\n<!-- \/wp:paragraph --><\/div>\n\t\t\t\t<\/div>\n\t\t\t\t\t\t\t<div class=\"elementor-toggle-item\">\n\t\t\t\t\t<div id=\"elementor-tab-title-1142\" class=\"elementor-tab-title\" data-tab=\"2\" role=\"button\" aria-controls=\"elementor-tab-content-1142\" aria-expanded=\"false\">\n\t\t\t\t\t\t\t\t\t\t\t\t<span class=\"elementor-toggle-icon elementor-toggle-icon-left\" aria-hidden=\"true\">\n\t\t\t\t\t\t\t\t\t\t\t\t\t\t\t<span class=\"elementor-toggle-icon-closed\"><i class=\"fas fa-caret-right\"><\/i><\/span>\n\t\t\t\t\t\t\t\t<span class=\"elementor-toggle-icon-opened\"><i class=\"elementor-toggle-icon-opened fas fa-caret-up\"><\/i><\/span>\n\t\t\t\t\t\t\t\t\t\t\t\t\t<\/span>\n\t\t\t\t\t\t\t\t\t\t\t\t<a class=\"elementor-toggle-title\" tabindex=\"0\">2. Configurar idioma<\/a>\n\t\t\t\t\t<\/div>\n\n\t\t\t\t\t<div id=\"elementor-tab-content-1142\" class=\"elementor-tab-content elementor-clearfix\" data-tab=\"2\" role=\"region\" aria-labelledby=\"elementor-tab-title-1142\"><!-- wp:paragraph -->\n<p>1- Ingresa a la aplicaci\u00f3n <a href=\"https:\/\/colmena.media\/\"><u>https:\/\/colmena.media<\/u><\/a><\/p>\n<!-- \/wp:paragraph -->\n\n<!-- wp:paragraph -->\n<p>2- Coloca correo electr\u00f3nico y contrase\u00f1a<\/p>\n<!-- \/wp:paragraph -->\n\n<!-- wp:paragraph -->\n<p>3- Opci\u00f3n \u201cIdioma\u201d en men\u00fa principal<\/p>\n<!-- \/wp:paragraph -->\n\n<!-- wp:image {\"id\":4964,\"width\":426,\"height\":226,\"sizeSlug\":\"large\",\"linkDestination\":\"none\"} -->\n<figure class=\"wp-block-image size-large is-resized\"><img loading=\"lazy\" decoding=\"async\" src=\"https:\/\/blog.colmena.media\/wp-content\/uploads\/2022\/04\/Tutorial-2_ES-1-1-1024x543.png\" alt=\"\" class=\"wp-image-4964\" width=\"426\" height=\"226\" srcset=\"https:\/\/blog.colmena.media\/wp-content\/uploads\/2022\/04\/Tutorial-2_ES-1-1-1024x543.png 1024w, https:\/\/blog.colmena.media\/wp-content\/uploads\/2022\/04\/Tutorial-2_ES-1-1-300x159.png 300w, https:\/\/blog.colmena.media\/wp-content\/uploads\/2022\/04\/Tutorial-2_ES-1-1-768x407.png 768w, https:\/\/blog.colmena.media\/wp-content\/uploads\/2022\/04\/Tutorial-2_ES-1-1.png 1080w\" sizes=\"(max-width: 426px) 100vw, 426px\" \/><\/figure>\n<!-- \/wp:image -->\n\n<!-- wp:paragraph -->\n<p>4- Selecciona el idioma<\/p>\n<!-- \/wp:paragraph -->\n\n<!-- wp:image {\"id\":4962,\"width\":425,\"height\":514,\"sizeSlug\":\"large\",\"linkDestination\":\"none\"} -->\n<figure class=\"wp-block-image size-large is-resized\"><img loading=\"lazy\" decoding=\"async\" src=\"https:\/\/blog.colmena.media\/wp-content\/uploads\/2022\/04\/Tutorial-2_ES-2-1-846x1024.png\" alt=\"\" class=\"wp-image-4962\" width=\"425\" height=\"514\" srcset=\"https:\/\/blog.colmena.media\/wp-content\/uploads\/2022\/04\/Tutorial-2_ES-2-1-846x1024.png 846w, https:\/\/blog.colmena.media\/wp-content\/uploads\/2022\/04\/Tutorial-2_ES-2-1-248x300.png 248w, https:\/\/blog.colmena.media\/wp-content\/uploads\/2022\/04\/Tutorial-2_ES-2-1-768x930.png 768w, https:\/\/blog.colmena.media\/wp-content\/uploads\/2022\/04\/Tutorial-2_ES-2-1.png 1080w\" sizes=\"(max-width: 425px) 100vw, 425px\" \/><\/figure>\n<!-- \/wp:image --><\/div>\n\t\t\t\t<\/div>\n\t\t\t\t\t\t\t<div class=\"elementor-toggle-item\">\n\t\t\t\t\t<div id=\"elementor-tab-title-1143\" class=\"elementor-tab-title\" data-tab=\"3\" role=\"button\" aria-controls=\"elementor-tab-content-1143\" aria-expanded=\"false\">\n\t\t\t\t\t\t\t\t\t\t\t\t<span class=\"elementor-toggle-icon elementor-toggle-icon-left\" aria-hidden=\"true\">\n\t\t\t\t\t\t\t\t\t\t\t\t\t\t\t<span class=\"elementor-toggle-icon-closed\"><i class=\"fas fa-caret-right\"><\/i><\/span>\n\t\t\t\t\t\t\t\t<span class=\"elementor-toggle-icon-opened\"><i class=\"elementor-toggle-icon-opened fas fa-caret-up\"><\/i><\/span>\n\t\t\t\t\t\t\t\t\t\t\t\t\t<\/span>\n\t\t\t\t\t\t\t\t\t\t\t\t<a class=\"elementor-toggle-title\" tabindex=\"0\">3. Cambiar o recuperar contrase\u00f1a<\/a>\n\t\t\t\t\t<\/div>\n\n\t\t\t\t\t<div id=\"elementor-tab-content-1143\" class=\"elementor-tab-content elementor-clearfix\" data-tab=\"3\" role=\"region\" aria-labelledby=\"elementor-tab-title-1143\"><!-- wp:paragraph -->\n<p>1- Ingresa a <a href=\"https:\/\/colmena.media\/\">https:\/\/colmena.media<\/a><\/p>\n<!-- \/wp:paragraph -->\n\n<!-- wp:paragraph -->\n<p>2- \u201cOlvid\u00e9 mi contrase\u00f1a\u201d<\/p>\n<!-- \/wp:paragraph -->\n\n<!-- wp:image {\"id\":4966,\"width\":427,\"height\":564,\"sizeSlug\":\"large\",\"linkDestination\":\"none\"} -->\n<figure class=\"wp-block-image size-large is-resized\"><img loading=\"lazy\" decoding=\"async\" src=\"https:\/\/blog.colmena.media\/wp-content\/uploads\/2022\/04\/Tutorial-3_ES-1-775x1024.png\" alt=\"\" class=\"wp-image-4966\" width=\"427\" height=\"564\" srcset=\"https:\/\/blog.colmena.media\/wp-content\/uploads\/2022\/04\/Tutorial-3_ES-1-775x1024.png 775w, https:\/\/blog.colmena.media\/wp-content\/uploads\/2022\/04\/Tutorial-3_ES-1-227x300.png 227w, https:\/\/blog.colmena.media\/wp-content\/uploads\/2022\/04\/Tutorial-3_ES-1-768x1014.png 768w, https:\/\/blog.colmena.media\/wp-content\/uploads\/2022\/04\/Tutorial-3_ES-1.png 1069w\" sizes=\"(max-width: 427px) 100vw, 427px\" \/><\/figure>\n<!-- \/wp:image -->\n\n<!-- wp:paragraph -->\n<p>3- Coloca tu correo electr\u00f3nico<\/p>\n<!-- \/wp:paragraph -->\n\n<!-- wp:paragraph -->\n<p>4- Ingresa a \u201cRe-establecer contrase\u00f1a\u201d<\/p>\n<!-- \/wp:paragraph -->\n\n<!-- wp:image {\"id\":4970,\"width\":430,\"height\":475,\"sizeSlug\":\"large\",\"linkDestination\":\"none\"} -->\n<figure class=\"wp-block-image size-large is-resized\"><img loading=\"lazy\" decoding=\"async\" src=\"https:\/\/blog.colmena.media\/wp-content\/uploads\/2022\/04\/Tutorial-3_ES-2-1-927x1024.png\" alt=\"\" class=\"wp-image-4970\" width=\"430\" height=\"475\" srcset=\"https:\/\/blog.colmena.media\/wp-content\/uploads\/2022\/04\/Tutorial-3_ES-2-1-927x1024.png 927w, https:\/\/blog.colmena.media\/wp-content\/uploads\/2022\/04\/Tutorial-3_ES-2-1-272x300.png 272w, https:\/\/blog.colmena.media\/wp-content\/uploads\/2022\/04\/Tutorial-3_ES-2-1-768x848.png 768w, https:\/\/blog.colmena.media\/wp-content\/uploads\/2022\/04\/Tutorial-3_ES-2-1.png 959w\" sizes=\"(max-width: 430px) 100vw, 430px\" \/><\/figure>\n<!-- \/wp:image -->\n\n<!-- wp:paragraph -->\n<p>5- Revisa bandeja de entrada de tu correo (revisa Spam o correo no deseado)<\/p>\n<!-- \/wp:paragraph -->\n\n<!-- wp:paragraph -->\n<p>6- Ingresa al enlace<\/p>\n<!-- \/wp:paragraph -->\n\n<!-- wp:paragraph -->\n<p>7- Coloca nueva contrase\u00f1a y confirmar la contrase\u00f1a<\/p>\n<!-- \/wp:paragraph -->\n\n<!-- wp:image {\"id\":4969,\"width\":430,\"height\":306,\"sizeSlug\":\"full\",\"linkDestination\":\"none\"} -->\n<figure class=\"wp-block-image size-full is-resized\"><img loading=\"lazy\" decoding=\"async\" src=\"https:\/\/blog.colmena.media\/wp-content\/uploads\/2022\/04\/Tutorial-3_ES-3.png\" alt=\"\" class=\"wp-image-4969\" width=\"430\" height=\"306\" srcset=\"https:\/\/blog.colmena.media\/wp-content\/uploads\/2022\/04\/Tutorial-3_ES-3.png 851w, https:\/\/blog.colmena.media\/wp-content\/uploads\/2022\/04\/Tutorial-3_ES-3-300x214.png 300w, https:\/\/blog.colmena.media\/wp-content\/uploads\/2022\/04\/Tutorial-3_ES-3-768x547.png 768w\" sizes=\"(max-width: 430px) 100vw, 430px\" \/><\/figure>\n<!-- \/wp:image -->\n\n<!-- wp:paragraph -->\n<p>8- Coloca tu correo electr\u00f3nico y la nueva contrase\u00f1a<\/p>\n<!-- \/wp:paragraph --><\/div>\n\t\t\t\t<\/div>\n\t\t\t\t\t\t\t<div class=\"elementor-toggle-item\">\n\t\t\t\t\t<div id=\"elementor-tab-title-1144\" class=\"elementor-tab-title\" data-tab=\"4\" role=\"button\" aria-controls=\"elementor-tab-content-1144\" aria-expanded=\"false\">\n\t\t\t\t\t\t\t\t\t\t\t\t<span class=\"elementor-toggle-icon elementor-toggle-icon-left\" aria-hidden=\"true\">\n\t\t\t\t\t\t\t\t\t\t\t\t\t\t\t<span class=\"elementor-toggle-icon-closed\"><i class=\"fas fa-caret-right\"><\/i><\/span>\n\t\t\t\t\t\t\t\t<span class=\"elementor-toggle-icon-opened\"><i class=\"elementor-toggle-icon-opened fas fa-caret-up\"><\/i><\/span>\n\t\t\t\t\t\t\t\t\t\t\t\t\t<\/span>\n\t\t\t\t\t\t\t\t\t\t\t\t<a class=\"elementor-toggle-title\" tabindex=\"0\">4.  Configuraciones<\/a>\n\t\t\t\t\t<\/div>\n\n\t\t\t\t\t<div id=\"elementor-tab-content-1144\" class=\"elementor-tab-content elementor-clearfix\" data-tab=\"4\" role=\"region\" aria-labelledby=\"elementor-tab-title-1144\"><!-- wp:paragraph {\"translatedWithWPMLTM\":\"1\"} -->\n<p>1- Ingresa a <a href=\"https:\/\/colmena.media\/\"><u>https:\/\/colmena.media<\/u><\/a>&#13;\n<\/p>\n<!-- \/wp:paragraph --><!-- wp:paragraph {\"translatedWithWPMLTM\":\"1\"} -->\n<p>2- Ingresa correo y contrase\u00f1a<\/p>\n<!-- \/wp:paragraph --><!-- wp:paragraph {\"translatedWithWPMLTM\":\"1\"} -->\n<p>3- Opci\u00f3n \u201cConfiguraciones\u201d en men\u00fa principal<\/p>\n<!-- \/wp:paragraph --><!-- wp:image {\"id\":4639,\"width\":487,\"height\":310,\"sizeSlug\":\"large\",\"linkDestination\":\"none\"} -->\n<figure class=\"wp-block-image size-large is-resized\"><img loading=\"lazy\" decoding=\"async\" src=\"https:\/\/blog.colmena.media\/wp-content\/uploads\/2022\/04\/Tutorial-4_EN-1-1024x652.png\" alt=\"\" class=\"wp-image-4639\" width=\"487\" height=\"310\" srcset=\"https:\/\/blog.colmena.media\/wp-content\/uploads\/2022\/04\/Tutorial-4_EN-1-1024x652.png 1024w, https:\/\/blog.colmena.media\/wp-content\/uploads\/2022\/04\/Tutorial-4_EN-1-300x191.png 300w, https:\/\/blog.colmena.media\/wp-content\/uploads\/2022\/04\/Tutorial-4_EN-1-768x489.png 768w, https:\/\/blog.colmena.media\/wp-content\/uploads\/2022\/04\/Tutorial-4_EN-1.png 1080w\" sizes=\"(max-width: 487px) 100vw, 487px\" \/><\/figure>\n<!-- \/wp:image --><!-- wp:paragraph {\"translatedWithWPMLTM\":\"1\"} -->\n<p>4- En esta secci\u00f3n podr\u00e1s configurar<\/p>\n<!-- \/wp:paragraph --><!-- wp:paragraph {\"translatedWithWPMLTM\":\"1\"} -->\n<p>Informaci\u00f3n de tu perfil<\/p>\n<!-- \/wp:paragraph --><!-- wp:paragraph {\"translatedWithWPMLTM\":\"1\"} -->\n<p>Idioma<\/p>\n<!-- \/wp:paragraph --><!-- wp:paragraph {\"translatedWithWPMLTM\":\"1\"} -->\n<p>Salir (cerrar sesi\u00f3n)<\/p>\n<!-- \/wp:paragraph --><!-- wp:paragraph {\"translatedWithWPMLTM\":\"1\"} -->\n<p>Estas herramientas no est\u00e1n disponibles en esta versi\u00f3n; pero lo estar\u00e1n pr\u00f3ximamente. <\/p>\n<!-- \/wp:paragraph --><\/div>\n\t\t\t\t<\/div>\n\t\t\t\t\t\t\t<div class=\"elementor-toggle-item\">\n\t\t\t\t\t<div id=\"elementor-tab-title-1145\" class=\"elementor-tab-title\" data-tab=\"5\" role=\"button\" aria-controls=\"elementor-tab-content-1145\" aria-expanded=\"false\">\n\t\t\t\t\t\t\t\t\t\t\t\t<span class=\"elementor-toggle-icon elementor-toggle-icon-left\" aria-hidden=\"true\">\n\t\t\t\t\t\t\t\t\t\t\t\t\t\t\t<span class=\"elementor-toggle-icon-closed\"><i class=\"fas fa-caret-right\"><\/i><\/span>\n\t\t\t\t\t\t\t\t<span class=\"elementor-toggle-icon-opened\"><i class=\"elementor-toggle-icon-opened fas fa-caret-up\"><\/i><\/span>\n\t\t\t\t\t\t\t\t\t\t\t\t\t<\/span>\n\t\t\t\t\t\t\t\t\t\t\t\t<a class=\"elementor-toggle-title\" tabindex=\"0\">5. Invita a un nuevo miembro a Colmena<\/a>\n\t\t\t\t\t<\/div>\n\n\t\t\t\t\t<div id=\"elementor-tab-content-1145\" class=\"elementor-tab-content elementor-clearfix\" data-tab=\"5\" role=\"region\" aria-labelledby=\"elementor-tab-title-1145\"><!-- wp:paragraph -->\n<p>1- Ingresa a https:\/\/colmena.media<\/p>\n<!-- \/wp:paragraph -->\n\n<!-- wp:paragraph -->\n<p>2- Ingresa correo y contrase\u00f1a<\/p>\n<!-- \/wp:paragraph -->\n\n<!-- wp:paragraph -->\n<p>3- Opci\u00f3n \u201cEditar perfil del medio\u201d en men\u00fa principal<\/p>\n<!-- \/wp:paragraph -->\n\n<!-- wp:image {\"id\":4976,\"width\":425,\"height\":351,\"sizeSlug\":\"large\",\"linkDestination\":\"none\"} -->\n<figure class=\"wp-block-image size-large is-resized\"><img loading=\"lazy\" decoding=\"async\" src=\"https:\/\/blog.colmena.media\/wp-content\/uploads\/2022\/04\/Tutorial-5_ES-1-1024x846.png\" alt=\"\" class=\"wp-image-4976\" width=\"425\" height=\"351\" srcset=\"https:\/\/blog.colmena.media\/wp-content\/uploads\/2022\/04\/Tutorial-5_ES-1-1024x846.png 1024w, https:\/\/blog.colmena.media\/wp-content\/uploads\/2022\/04\/Tutorial-5_ES-1-300x248.png 300w, https:\/\/blog.colmena.media\/wp-content\/uploads\/2022\/04\/Tutorial-5_ES-1-768x634.png 768w, https:\/\/blog.colmena.media\/wp-content\/uploads\/2022\/04\/Tutorial-5_ES-1.png 1080w\" sizes=\"(max-width: 425px) 100vw, 425px\" \/><\/figure>\n<!-- \/wp:image -->\n\n<!-- wp:paragraph -->\n<p>4. Cambiar la imagen o logo de la Colmena<\/p>\n<!-- \/wp:paragraph -->\n\n<!-- wp:image {\"id\":4977,\"width\":425,\"height\":163,\"sizeSlug\":\"full\",\"linkDestination\":\"none\"} -->\n<figure class=\"wp-block-image size-full is-resized\"><img loading=\"lazy\" decoding=\"async\" src=\"https:\/\/blog.colmena.media\/wp-content\/uploads\/2022\/04\/Tutorial-5_ES-2.png\" alt=\"\" class=\"wp-image-4977\" width=\"425\" height=\"163\" srcset=\"https:\/\/blog.colmena.media\/wp-content\/uploads\/2022\/04\/Tutorial-5_ES-2.png 747w, https:\/\/blog.colmena.media\/wp-content\/uploads\/2022\/04\/Tutorial-5_ES-2-300x115.png 300w\" sizes=\"(max-width: 425px) 100vw, 425px\" \/><\/figure>\n<!-- \/wp:image -->\n\n<!-- wp:paragraph -->\n<p>5- \u00cdcono de + para invitar a una nueva integrante<\/p>\n<!-- \/wp:paragraph -->\n\n<!-- wp:image {\"id\":4978,\"width\":429,\"height\":294,\"sizeSlug\":\"full\",\"linkDestination\":\"none\"} -->\n<figure class=\"wp-block-image size-full is-resized\"><img loading=\"lazy\" decoding=\"async\" src=\"https:\/\/blog.colmena.media\/wp-content\/uploads\/2022\/04\/Tutorial-5_ES-3.png\" alt=\"\" class=\"wp-image-4978\" width=\"429\" height=\"294\" srcset=\"https:\/\/blog.colmena.media\/wp-content\/uploads\/2022\/04\/Tutorial-5_ES-3.png 463w, https:\/\/blog.colmena.media\/wp-content\/uploads\/2022\/04\/Tutorial-5_ES-3-300x205.png 300w\" sizes=\"(max-width: 429px) 100vw, 429px\" \/><\/figure>\n<!-- \/wp:image -->\n\n<!-- wp:paragraph -->\n<p>Colocar:<\/p>\n<!-- \/wp:paragraph -->\n\n<!-- wp:paragraph -->\n<p>Nombre<\/p>\n<!-- \/wp:paragraph -->\n\n<!-- wp:paragraph -->\n<p>Correo<\/p>\n<!-- \/wp:paragraph -->\n\n<!-- wp:paragraph -->\n<p>Permisos<\/p>\n<!-- \/wp:paragraph -->\n\n<!-- wp:paragraph -->\n<p>&#8220;Enviar&#8221;<\/p>\n<!-- \/wp:paragraph -->\n\n<!-- wp:image {\"id\":4980,\"width\":425,\"height\":552,\"sizeSlug\":\"large\",\"linkDestination\":\"none\"} -->\n<figure class=\"wp-block-image size-large is-resized\"><img loading=\"lazy\" decoding=\"async\" src=\"https:\/\/blog.colmena.media\/wp-content\/uploads\/2022\/04\/Tutorial-5_ES-4-789x1024.png\" alt=\"\" class=\"wp-image-4980\" width=\"425\" height=\"552\" srcset=\"https:\/\/blog.colmena.media\/wp-content\/uploads\/2022\/04\/Tutorial-5_ES-4-789x1024.png 789w, https:\/\/blog.colmena.media\/wp-content\/uploads\/2022\/04\/Tutorial-5_ES-4-231x300.png 231w, https:\/\/blog.colmena.media\/wp-content\/uploads\/2022\/04\/Tutorial-5_ES-4-768x997.png 768w, https:\/\/blog.colmena.media\/wp-content\/uploads\/2022\/04\/Tutorial-5_ES-4.png 964w\" sizes=\"(max-width: 425px) 100vw, 425px\" \/><\/figure>\n<!-- \/wp:image -->\n\n<!-- wp:paragraph -->\n<p>La persona recibir\u00e1 un correo electr\u00f3nico con un enlace para configurar la contrase\u00f1a de su cuenta de perfil en la Colmena. \r\n\r\n<\/p>\n<!-- \/wp:paragraph -->\n\n<!-- wp:paragraph -->\n<p>Primero consulta a la persona con qu\u00e9 cuenta de correo electr\u00f3nico quiere darse de alta. <\/p>\n<!-- \/wp:paragraph -->\n\n<!-- wp:paragraph -->\n<p><\/p>\n<!-- \/wp:paragraph --><\/div>\n\t\t\t\t<\/div>\n\t\t\t\t\t\t\t<div class=\"elementor-toggle-item\">\n\t\t\t\t\t<div id=\"elementor-tab-title-1146\" class=\"elementor-tab-title\" data-tab=\"6\" role=\"button\" aria-controls=\"elementor-tab-content-1146\" aria-expanded=\"false\">\n\t\t\t\t\t\t\t\t\t\t\t\t<span class=\"elementor-toggle-icon elementor-toggle-icon-left\" aria-hidden=\"true\">\n\t\t\t\t\t\t\t\t\t\t\t\t\t\t\t<span class=\"elementor-toggle-icon-closed\"><i class=\"fas fa-caret-right\"><\/i><\/span>\n\t\t\t\t\t\t\t\t<span class=\"elementor-toggle-icon-opened\"><i class=\"elementor-toggle-icon-opened fas fa-caret-up\"><\/i><\/span>\n\t\t\t\t\t\t\t\t\t\t\t\t\t<\/span>\n\t\t\t\t\t\t\t\t\t\t\t\t<a class=\"elementor-toggle-title\" tabindex=\"0\">6. Editar mi perfil<\/a>\n\t\t\t\t\t<\/div>\n\n\t\t\t\t\t<div id=\"elementor-tab-content-1146\" class=\"elementor-tab-content elementor-clearfix\" data-tab=\"6\" role=\"region\" aria-labelledby=\"elementor-tab-title-1146\"><!-- wp:paragraph -->\n<p>1- Ingresa a https:\/\/colmena.media<\/p>\n<!-- \/wp:paragraph -->\n\n<!-- wp:paragraph -->\n<p>2- Ingresa correo y contrase\u00f1a<\/p>\n<!-- \/wp:paragraph -->\n\n<!-- wp:paragraph -->\n<p>3- Opci\u00f3n \u201cMi perfil\u201d en men\u00fa principal<\/p>\n<!-- \/wp:paragraph -->\n\n<!-- wp:image {\"id\":4982,\"width\":425,\"height\":92,\"sizeSlug\":\"large\",\"linkDestination\":\"none\"} -->\n<figure class=\"wp-block-image size-large is-resized\"><img loading=\"lazy\" decoding=\"async\" src=\"https:\/\/blog.colmena.media\/wp-content\/uploads\/2022\/04\/Tutorial-7_ES-0-1-1024x222.png\" alt=\"\" class=\"wp-image-4982\" width=\"425\" height=\"92\" srcset=\"https:\/\/blog.colmena.media\/wp-content\/uploads\/2022\/04\/Tutorial-7_ES-0-1-1024x222.png 1024w, https:\/\/blog.colmena.media\/wp-content\/uploads\/2022\/04\/Tutorial-7_ES-0-1-300x65.png 300w, https:\/\/blog.colmena.media\/wp-content\/uploads\/2022\/04\/Tutorial-7_ES-0-1-768x166.png 768w, https:\/\/blog.colmena.media\/wp-content\/uploads\/2022\/04\/Tutorial-7_ES-0-1.png 1100w\" sizes=\"(max-width: 425px) 100vw, 425px\" \/><\/figure>\n<!-- \/wp:image -->\n\n<!-- wp:paragraph -->\n<p>4- Editar foto de perfil<\/p>\n<!-- \/wp:paragraph -->\n\n<!-- wp:image {\"id\":4983,\"width\":428,\"height\":318,\"sizeSlug\":\"full\",\"linkDestination\":\"none\"} -->\n<figure class=\"wp-block-image size-full is-resized\"><img loading=\"lazy\" decoding=\"async\" src=\"https:\/\/blog.colmena.media\/wp-content\/uploads\/2022\/04\/Tutorial-7_ES-1.png\" alt=\"\" class=\"wp-image-4983\" width=\"428\" height=\"318\" srcset=\"https:\/\/blog.colmena.media\/wp-content\/uploads\/2022\/04\/Tutorial-7_ES-1.png 812w, https:\/\/blog.colmena.media\/wp-content\/uploads\/2022\/04\/Tutorial-7_ES-1-300x223.png 300w, https:\/\/blog.colmena.media\/wp-content\/uploads\/2022\/04\/Tutorial-7_ES-1-768x571.png 768w\" sizes=\"(max-width: 428px) 100vw, 428px\" \/><\/figure>\n<!-- \/wp:image -->\n\n<!-- wp:paragraph -->\n<p>5- Editar nombre y apellido<\/p>\n<!-- \/wp:paragraph -->\n\n<!-- wp:paragraph -->\n<p>6- Cambiar correo<\/p>\n<!-- \/wp:paragraph -->\n\n<!-- wp:paragraph -->\n<p>7- \u201cGuardar\u201d<\/p>\n<!-- \/wp:paragraph -->\n\n<!-- wp:paragraph -->\n<p>8- Puedes reestablecer tu contrase\u00f1a<\/p>\n<!-- \/wp:paragraph -->\n\n<!-- wp:image {\"id\":4985,\"width\":428,\"height\":367,\"sizeSlug\":\"large\",\"linkDestination\":\"none\"} -->\n<figure class=\"wp-block-image size-large is-resized\"><img loading=\"lazy\" decoding=\"async\" src=\"https:\/\/blog.colmena.media\/wp-content\/uploads\/2022\/04\/Tutorial-7_ES-2-1024x878.png\" alt=\"\" class=\"wp-image-4985\" width=\"428\" height=\"367\" srcset=\"https:\/\/blog.colmena.media\/wp-content\/uploads\/2022\/04\/Tutorial-7_ES-2-1024x878.png 1024w, https:\/\/blog.colmena.media\/wp-content\/uploads\/2022\/04\/Tutorial-7_ES-2-300x257.png 300w, https:\/\/blog.colmena.media\/wp-content\/uploads\/2022\/04\/Tutorial-7_ES-2-768x658.png 768w, https:\/\/blog.colmena.media\/wp-content\/uploads\/2022\/04\/Tutorial-7_ES-2.png 1064w\" sizes=\"(max-width: 428px) 100vw, 428px\" \/><\/figure>\n<!-- \/wp:image --><\/div>\n\t\t\t\t<\/div>\n\t\t\t\t\t\t\t\t<\/div>\n\t\t\t\t<\/div>\n\t\t\t\t<\/div>\n\t\t\t\t\t<\/div>\n\t\t<\/div>\n\t\t\t\t\t<\/div>\n\t\t<\/section>\n\t\t\t\t<\/div>\n\t\t","protected":false},"excerpt":{"rendered":"<p>1. Instala la aplicaci\u00f3n 2. Configurar idioma 3. Cambiar o recuperar contrase\u00f1a 4. Configuraciones 5. Invita a un nuevo miembro a Colmena 6. Editar mi perfil<\/p>\n","protected":false},"author":2,"featured_media":0,"parent":0,"menu_order":0,"comment_status":"closed","ping_status":"closed","template":"","meta":{"_acf_changed":false,"inline_featured_image":false,"footnotes":""},"class_list":["post-4654","page","type-page","status-publish"],"acf":[],"_links":{"self":[{"href":"https:\/\/blog.colmena.media\/es\/wp-json\/wp\/v2\/pages\/4654","targetHints":{"allow":["GET"]}}],"collection":[{"href":"https:\/\/blog.colmena.media\/es\/wp-json\/wp\/v2\/pages"}],"about":[{"href":"https:\/\/blog.colmena.media\/es\/wp-json\/wp\/v2\/types\/page"}],"author":[{"embeddable":true,"href":"https:\/\/blog.colmena.media\/es\/wp-json\/wp\/v2\/users\/2"}],"replies":[{"embeddable":true,"href":"https:\/\/blog.colmena.media\/es\/wp-json\/wp\/v2\/comments?post=4654"}],"version-history":[{"count":3,"href":"https:\/\/blog.colmena.media\/es\/wp-json\/wp\/v2\/pages\/4654\/revisions"}],"predecessor-version":[{"id":4864,"href":"https:\/\/blog.colmena.media\/es\/wp-json\/wp\/v2\/pages\/4654\/revisions\/4864"}],"wp:attachment":[{"href":"https:\/\/blog.colmena.media\/es\/wp-json\/wp\/v2\/media?parent=4654"}],"curies":[{"name":"wp","href":"https:\/\/api.w.org\/{rel}","templated":true}]}}