{"id":4540,"date":"2022-04-22T15:49:47","date_gmt":"2022-04-22T15:49:47","guid":{"rendered":"https:\/\/blog.colmena.media\/noticias\/"},"modified":"2022-04-22T17:09:40","modified_gmt":"2022-04-22T17:09:40","slug":"noticias","status":"publish","type":"page","link":"https:\/\/blog.colmena.media\/es\/noticias\/","title":{"rendered":"Noticias"},"content":{"rendered":"\t\t<div data-elementor-type=\"wp-page\" data-elementor-id=\"4540\" class=\"elementor elementor-4540 elementor-4354\" data-elementor-post-type=\"page\">\n\t\t\t\t\t\t<section class=\"elementor-section elementor-top-section elementor-element elementor-element-8beb33f elementor-section-boxed elementor-section-height-default elementor-section-height-default\" data-id=\"8beb33f\" data-element_type=\"section\" data-settings=\"{&quot;jet_parallax_layout_list&quot;:[]}\">\n\t\t\t\t\t\t<div class=\"elementor-container elementor-column-gap-default\">\n\t\t\t\t\t<div class=\"elementor-column elementor-col-100 elementor-top-column elementor-element elementor-element-4b54e53\" data-id=\"4b54e53\" data-element_type=\"column\">\n\t\t\t<div class=\"elementor-widget-wrap elementor-element-populated\">\n\t\t\t\t\t\t<div class=\"elementor-element elementor-element-48e8c15 dce-posts-layout-left dce-col-1 dce-col-tablet-3 dce-col-mobile-1 dce-align-left elementor-widget elementor-widget-dce-dynamicposts-v2\" data-id=\"48e8c15\" data-element_type=\"widget\" data-settings=\"{&quot;style_items&quot;:&quot;left&quot;,&quot;grid_grid_type&quot;:&quot;flex&quot;}\" data-widget_type=\"dce-dynamicposts-v2.grid\">\n\t\t\t\t<div class=\"elementor-widget-container\">\n\t\t\t\n\t\t<div class=\"dce-fix-background-loop dce-posts-container dce-posts dce-dynamic-posts-collection  dce-skin-grid dce-skin-grid-flex\">\n\t\t\t\t\t\t<div class=\"dce-posts-wrapper dce-wrapper-grid\">\n\t\t\t\n\t\t<article class=\"post-6100 post type-post status-publish format-standard hentry category-news dce-post dce-post-item dce-item-grid\" data-dce-post-id=\"6100\" data-dce-post-index=\"0\">\n\t\t\t<div class=\"dce-post-block\">\n\t\t<div class=\"dce-image-area dce-item-area\"><div class=\"dce-item dce-item_image elementor-repeater-item-a009d8d\"><\/div><\/div><div class=\"dce-content-area dce-item-area\"><div class=\"dce-item dce-item_title elementor-repeater-item-325afbf\"><h4 class=\"dce-post-title\"><a href=\"https:\/\/blog.colmena.media\/es\/in-alley-traditional-ukrainian-dances-become-acts-of-resistance\/\">In \u201cAlley,\u201d traditional Ukrainian dances become acts of resistance<\/a><\/h4><\/div><div class=\"dce-item dce-item_content elementor-repeater-item-3991356\"><div class=\"dce-post-content\"><\/div><\/div><div class=\"dce-item dce-item_custommeta elementor-repeater-item-d8df7ca\"><\/div><\/div>\t\t\t<\/div>\n\t\t<\/article>\n\t\t\n\t\t<article class=\"post-6081 post type-post status-publish format-standard has-post-thumbnail hentry category-noticias category-tecnologia dce-post dce-post-item dce-item-grid\" data-dce-post-id=\"6081\" data-dce-post-index=\"1\">\n\t\t\t<div class=\"dce-post-block\">\n\t\t<div class=\"dce-image-area dce-item-area\"><div class=\"dce-item dce-item_image elementor-repeater-item-a009d8d\"><a class=\"dce-post-image\" href=\"https:\/\/blog.colmena.media\/es\/colmena-comunidades-de-practica-en-todo-el-mundo\/\"><figure  class=\"dce-img\"><img fetchpriority=\"high\" decoding=\"async\" width=\"1024\" height=\"682\" src=\"https:\/\/blog.colmena.media\/wp-content\/uploads\/2024\/11\/Colmena-in-Mombasa-1.jpg\" class=\"\" alt=\"Colmena: Comunidades de pr\u00e1ctica en todo el mundo\" srcset=\"https:\/\/blog.colmena.media\/wp-content\/uploads\/2024\/11\/Colmena-in-Mombasa-1.jpg 1280w, https:\/\/blog.colmena.media\/wp-content\/uploads\/2024\/11\/Colmena-in-Mombasa-1-300x200.jpg 300w, https:\/\/blog.colmena.media\/wp-content\/uploads\/2024\/11\/Colmena-in-Mombasa-1-768x512.jpg 768w\" sizes=\"(max-width: 1024px) 100vw, 1024px\" \/><\/figure><\/a><\/div><\/div><div class=\"dce-content-area dce-item-area\"><div class=\"dce-item dce-item_title elementor-repeater-item-325afbf\"><h4 class=\"dce-post-title\"><a href=\"https:\/\/blog.colmena.media\/es\/colmena-comunidades-de-practica-en-todo-el-mundo\/\">Colmena: Comunidades de pr\u00e1ctica en todo el mundo<\/a><\/h4><\/div><div class=\"dce-item dce-item_content elementor-repeater-item-3991356\"><div class=\"dce-post-content\">Recientemente, Tanda.net dirigi\u00f3 un completo taller virtual con socios de radios comunitarias de diversas partes de Kenia. En esta sesi\u00f3n se ofreci\u00f3 informaci\u00f3n actualizada sobre el desarrollo de la aplicaci\u00f3n Colmena y se incorpor\u00f3 a los participantes a la instancia DW Akademie.<\/div><\/div><div class=\"dce-item dce-item_custommeta elementor-repeater-item-d8df7ca\"><\/div><\/div>\t\t\t<\/div>\n\t\t<\/article>\n\t\t\n\t\t<article class=\"post-6078 post type-post status-publish format-standard has-post-thumbnail hentry category-noticias category-tecnologia dce-post dce-post-item dce-item-grid\" data-dce-post-id=\"6078\" data-dce-post-index=\"2\">\n\t\t\t<div class=\"dce-post-block\">\n\t\t<div class=\"dce-image-area dce-item-area\"><div class=\"dce-item dce-item_image elementor-repeater-item-a009d8d\"><a class=\"dce-post-image\" href=\"https:\/\/blog.colmena.media\/es\/el-ecosistema-de-aplicaciones-de-colmena-2\/\"><figure  class=\"dce-img\"><img decoding=\"async\" width=\"888\" height=\"592\" src=\"https:\/\/blog.colmena.media\/wp-content\/uploads\/2024\/11\/Story-3-with-photo-credit1.jpg\" class=\"\" alt=\"El ecosistema de aplicaciones de Colmena\" srcset=\"https:\/\/blog.colmena.media\/wp-content\/uploads\/2024\/11\/Story-3-with-photo-credit1.jpg 888w, https:\/\/blog.colmena.media\/wp-content\/uploads\/2024\/11\/Story-3-with-photo-credit1-300x200.jpg 300w, https:\/\/blog.colmena.media\/wp-content\/uploads\/2024\/11\/Story-3-with-photo-credit1-768x512.jpg 768w\" sizes=\"(max-width: 888px) 100vw, 888px\" \/><\/figure><\/a><\/div><\/div><div class=\"dce-content-area dce-item-area\"><div class=\"dce-item dce-item_title elementor-repeater-item-325afbf\"><h4 class=\"dce-post-title\"><a href=\"https:\/\/blog.colmena.media\/es\/el-ecosistema-de-aplicaciones-de-colmena-2\/\">El ecosistema de aplicaciones de Colmena<\/a><\/h4><\/div><div class=\"dce-item dce-item_content elementor-repeater-item-3991356\"><div class=\"dce-post-content\"><\/div><\/div><div class=\"dce-item dce-item_custommeta elementor-repeater-item-d8df7ca\"><\/div><\/div>\t\t\t<\/div>\n\t\t<\/article>\n\t\t\n\t\t<article class=\"post-6074 post type-post status-publish format-standard has-post-thumbnail hentry category-noticias category-tecnologia dce-post dce-post-item dce-item-grid\" data-dce-post-id=\"6074\" data-dce-post-index=\"3\">\n\t\t\t<div class=\"dce-post-block\">\n\t\t<div class=\"dce-image-area dce-item-area\"><div class=\"dce-item dce-item_image elementor-repeater-item-a009d8d\"><a class=\"dce-post-image\" href=\"https:\/\/blog.colmena.media\/es\/el-ecosistema-de-aplicaciones-de-colmena\/\"><figure  class=\"dce-img\"><img decoding=\"async\" width=\"888\" height=\"592\" src=\"https:\/\/blog.colmena.media\/wp-content\/uploads\/2024\/11\/Story-3-with-photo-credit1.jpg\" class=\"\" alt=\"El ecosistema de aplicaciones de Colmena\" srcset=\"https:\/\/blog.colmena.media\/wp-content\/uploads\/2024\/11\/Story-3-with-photo-credit1.jpg 888w, https:\/\/blog.colmena.media\/wp-content\/uploads\/2024\/11\/Story-3-with-photo-credit1-300x200.jpg 300w, https:\/\/blog.colmena.media\/wp-content\/uploads\/2024\/11\/Story-3-with-photo-credit1-768x512.jpg 768w\" sizes=\"(max-width: 888px) 100vw, 888px\" \/><\/figure><\/a><\/div><\/div><div class=\"dce-content-area dce-item-area\"><div class=\"dce-item dce-item_title elementor-repeater-item-325afbf\"><h4 class=\"dce-post-title\"><a href=\"https:\/\/blog.colmena.media\/es\/el-ecosistema-de-aplicaciones-de-colmena\/\">El ecosistema de aplicaciones de Colmena<\/a><\/h4><\/div><div class=\"dce-item dce-item_content elementor-repeater-item-3991356\"><div class=\"dce-post-content\"><\/div><\/div><div class=\"dce-item dce-item_custommeta elementor-repeater-item-d8df7ca\"><\/div><\/div>\t\t\t<\/div>\n\t\t<\/article>\n\t\t\n\t\t<article class=\"post-6070 post type-post status-publish format-standard has-post-thumbnail hentry category-noticias category-ukraine dce-post dce-post-item dce-item-grid\" data-dce-post-id=\"6070\" data-dce-post-index=\"4\">\n\t\t\t<div class=\"dce-post-block\">\n\t\t<div class=\"dce-image-area dce-item-area\"><div class=\"dce-item dce-item_image elementor-repeater-item-a009d8d\"><a class=\"dce-post-image\" href=\"https:\/\/blog.colmena.media\/es\/colmena-se-ha-convertido-en-una-potente-herramienta-de-podcasting-para-periodistas-en-ucrania\/\"><figure  class=\"dce-img\"><img decoding=\"async\" width=\"1024\" height=\"768\" src=\"https:\/\/blog.colmena.media\/wp-content\/uploads\/2024\/11\/Ukraine-Story-Pic-2.jpg\" class=\"\" alt=\"Colmena se ha convertido en una potente herramienta de podcasting para periodistas en Ucrania\" srcset=\"https:\/\/blog.colmena.media\/wp-content\/uploads\/2024\/11\/Ukraine-Story-Pic-2.jpg 1333w, https:\/\/blog.colmena.media\/wp-content\/uploads\/2024\/11\/Ukraine-Story-Pic-2-300x225.jpg 300w, https:\/\/blog.colmena.media\/wp-content\/uploads\/2024\/11\/Ukraine-Story-Pic-2-768x576.jpg 768w\" sizes=\"(max-width: 1024px) 100vw, 1024px\" \/><\/figure><\/a><\/div><\/div><div class=\"dce-content-area dce-item-area\"><div class=\"dce-item dce-item_title elementor-repeater-item-325afbf\"><h4 class=\"dce-post-title\"><a href=\"https:\/\/blog.colmena.media\/es\/colmena-se-ha-convertido-en-una-potente-herramienta-de-podcasting-para-periodistas-en-ucrania\/\">Colmena se ha convertido en una potente herramienta de podcasting para periodistas en Ucrania<\/a><\/h4><\/div><div class=\"dce-item dce-item_content elementor-repeater-item-3991356\"><div class=\"dce-post-content\">Katryna Honcharuk, music\u00f3loga, productora de radio y presentadora de Radio Kultura, utiliz\u00f3 el estudio m\u00f3vil de Colmena para grabar y producir un documental radiof\u00f3nico en tres partes sobre c\u00f3mo la m\u00fasica acompa\u00f1a a las personas a lo largo de su vida.<\/div><\/div><div class=\"dce-item dce-item_custommeta elementor-repeater-item-d8df7ca\"><\/div><\/div>\t\t\t<\/div>\n\t\t<\/article>\n\t\t\n\t\t<article class=\"post-6064 post type-post status-publish format-standard has-post-thumbnail hentry category-news category-newsletter dce-post dce-post-item dce-item-grid\" data-dce-post-id=\"6064\" data-dce-post-index=\"5\">\n\t\t\t<div class=\"dce-post-block\">\n\t\t<div class=\"dce-image-area dce-item-area\"><div class=\"dce-item dce-item_image elementor-repeater-item-a009d8d\"><a class=\"dce-post-image\" href=\"https:\/\/blog.colmena.media\/es\/colmena-communities-of-practice-engagement-across-the-world\/\"><figure  class=\"dce-img\"><img loading=\"lazy\" decoding=\"async\" width=\"1024\" height=\"682\" src=\"https:\/\/blog.colmena.media\/wp-content\/uploads\/2024\/11\/Colmena-in-Mombasa.jpg\" class=\"\" alt=\"Colmena: Communities of Practice Engagement Across the World\" srcset=\"https:\/\/blog.colmena.media\/wp-content\/uploads\/2024\/11\/Colmena-in-Mombasa.jpg 1280w, https:\/\/blog.colmena.media\/wp-content\/uploads\/2024\/11\/Colmena-in-Mombasa-300x200.jpg 300w, https:\/\/blog.colmena.media\/wp-content\/uploads\/2024\/11\/Colmena-in-Mombasa-768x512.jpg 768w\" sizes=\"(max-width: 1024px) 100vw, 1024px\" \/><\/figure><\/a><\/div><\/div><div class=\"dce-content-area dce-item-area\"><div class=\"dce-item dce-item_title elementor-repeater-item-325afbf\"><h4 class=\"dce-post-title\"><a href=\"https:\/\/blog.colmena.media\/es\/colmena-communities-of-practice-engagement-across-the-world\/\">Colmena: Communities of Practice Engagement Across the World<\/a><\/h4><\/div><div class=\"dce-item dce-item_content elementor-repeater-item-3991356\"><div class=\"dce-post-content\">Recently, Tanda.net led a comprehensive virtual workshop with community radio partners from various parts of Kenya. This session provided updates on the Colmena app\u2019s development and onboarded the participants to the DW Akademie instance.<\/div><\/div><div class=\"dce-item dce-item_custommeta elementor-repeater-item-d8df7ca\"><\/div><\/div>\t\t\t<\/div>\n\t\t<\/article>\n\t\t\n\t\t<article class=\"post-6053 post type-post status-publish format-standard has-post-thumbnail hentry category-news category-newsletter dce-post dce-post-item dce-item-grid\" data-dce-post-id=\"6053\" data-dce-post-index=\"6\">\n\t\t\t<div class=\"dce-post-block\">\n\t\t<div class=\"dce-image-area dce-item-area\"><div class=\"dce-item dce-item_image elementor-repeater-item-a009d8d\"><a class=\"dce-post-image\" href=\"https:\/\/blog.colmena.media\/es\/colmena-a-powerful-podcasting-tool-for-ukrainian-journalists\/\"><figure  class=\"dce-img\"><img loading=\"lazy\" decoding=\"async\" width=\"1024\" height=\"768\" src=\"https:\/\/blog.colmena.media\/wp-content\/uploads\/2024\/10\/Ukraine-Story-Pic-2.jpg\" class=\"\" alt=\"Colmena: A Powerful Podcasting Tool for Ukrainian Journalists\" srcset=\"https:\/\/blog.colmena.media\/wp-content\/uploads\/2024\/10\/Ukraine-Story-Pic-2.jpg 1333w, https:\/\/blog.colmena.media\/wp-content\/uploads\/2024\/10\/Ukraine-Story-Pic-2-300x225.jpg 300w, https:\/\/blog.colmena.media\/wp-content\/uploads\/2024\/10\/Ukraine-Story-Pic-2-768x576.jpg 768w\" sizes=\"(max-width: 1024px) 100vw, 1024px\" \/><\/figure><\/a><\/div><\/div><div class=\"dce-content-area dce-item-area\"><div class=\"dce-item dce-item_title elementor-repeater-item-325afbf\"><h4 class=\"dce-post-title\"><a href=\"https:\/\/blog.colmena.media\/es\/colmena-a-powerful-podcasting-tool-for-ukrainian-journalists\/\">Colmena: A Powerful Podcasting Tool for Ukrainian Journalists<\/a><\/h4><\/div><div class=\"dce-item dce-item_content elementor-repeater-item-3991356\"><div class=\"dce-post-content\">Katryna Honcharuk has been using the mobile studio of Colmena for podcast interviews and production.<\/div><\/div><div class=\"dce-item dce-item_custommeta elementor-repeater-item-d8df7ca\"><\/div><\/div>\t\t\t<\/div>\n\t\t<\/article>\n\t\t\n\t\t<article class=\"post-6047 post type-post status-publish format-standard has-post-thumbnail hentry category-newsletter dce-post dce-post-item dce-item-grid\" data-dce-post-id=\"6047\" data-dce-post-index=\"7\">\n\t\t\t<div class=\"dce-post-block\">\n\t\t<div class=\"dce-image-area dce-item-area\"><div class=\"dce-item dce-item_image elementor-repeater-item-a009d8d\"><a class=\"dce-post-image\" href=\"https:\/\/blog.colmena.media\/es\/the-colmena-applications-ecosystem\/\"><figure  class=\"dce-img\"><img loading=\"lazy\" decoding=\"async\" width=\"888\" height=\"592\" src=\"https:\/\/blog.colmena.media\/wp-content\/uploads\/2024\/08\/Story-3-with-photo-credit1.jpg\" class=\"\" alt=\"The Colmena Applications Ecosystem\" srcset=\"https:\/\/blog.colmena.media\/wp-content\/uploads\/2024\/08\/Story-3-with-photo-credit1.jpg 888w, https:\/\/blog.colmena.media\/wp-content\/uploads\/2024\/08\/Story-3-with-photo-credit1-300x200.jpg 300w, https:\/\/blog.colmena.media\/wp-content\/uploads\/2024\/08\/Story-3-with-photo-credit1-768x512.jpg 768w\" sizes=\"(max-width: 888px) 100vw, 888px\" \/><\/figure><\/a><\/div><\/div><div class=\"dce-content-area dce-item-area\"><div class=\"dce-item dce-item_title elementor-repeater-item-325afbf\"><h4 class=\"dce-post-title\"><a href=\"https:\/\/blog.colmena.media\/es\/the-colmena-applications-ecosystem\/\">The Colmena Applications Ecosystem<\/a><\/h4><\/div><div class=\"dce-item dce-item_content elementor-repeater-item-3991356\"><div class=\"dce-post-content\">Explore our Applications Ecosystem, a suite of open-source tools empowering community radio and journalistic teams with streamlined file management, audio editing, group collaboration, and deployment capabilities.<\/div><\/div><div class=\"dce-item dce-item_custommeta elementor-repeater-item-d8df7ca\"><\/div><\/div>\t\t\t<\/div>\n\t\t<\/article>\n\t\t\n\t\t<article class=\"post-5601 post type-post status-publish format-standard has-post-thumbnail hentry category-noticias dce-post dce-post-item dce-item-grid\" data-dce-post-id=\"5601\" data-dce-post-index=\"8\">\n\t\t\t<div class=\"dce-post-block\">\n\t\t<div class=\"dce-image-area dce-item-area\"><div class=\"dce-item dce-item_image elementor-repeater-item-a009d8d\"><a class=\"dce-post-image\" href=\"https:\/\/blog.colmena.media\/es\/colmena-una-puesta-en-escena-musical-unica\/\"><figure  class=\"dce-img\"><img loading=\"lazy\" decoding=\"async\" width=\"1024\" height=\"576\" src=\"https:\/\/blog.colmena.media\/wp-content\/uploads\/2023\/02\/Concierto.jpg\" class=\"\" alt=\"Colmena como una puesta en escena musical \u00fanica\" srcset=\"https:\/\/blog.colmena.media\/wp-content\/uploads\/2023\/02\/Concierto.jpg 1024w, https:\/\/blog.colmena.media\/wp-content\/uploads\/2023\/02\/Concierto-300x169.png 300w, https:\/\/blog.colmena.media\/wp-content\/uploads\/2023\/02\/Concierto-768x432.png 768w\" sizes=\"(max-width: 1024px) 100vw, 1024px\" \/><\/figure><\/a><\/div><\/div><div class=\"dce-content-area dce-item-area\"><div class=\"dce-item dce-item_title elementor-repeater-item-325afbf\"><h4 class=\"dce-post-title\"><a href=\"https:\/\/blog.colmena.media\/es\/colmena-una-puesta-en-escena-musical-unica\/\">Colmena como una puesta en escena musical \u00fanica<\/a><\/h4><\/div><div class=\"dce-item dce-item_content elementor-repeater-item-3991356\"><div class=\"dce-post-content\">\u00bfExisten similitudes entre la puesta en escena de un espect\u00e1culo musical y el desarrollo de un software como Colmena? Santiago Garc\u00eda, Product Owner del equipo de desarrollo en esta sala de redacci\u00f3n, nos lleva a un viaje comparativo entre ambos procesos creativos.<\/div><\/div><div class=\"dce-item dce-item_custommeta elementor-repeater-item-d8df7ca\"><\/div><\/div>\t\t\t<\/div>\n\t\t<\/article>\n\t\t\n\t\t<article class=\"post-5589 post type-post status-publish format-standard has-post-thumbnail hentry category-noticias dce-post dce-post-item dce-item-grid\" data-dce-post-id=\"5589\" data-dce-post-index=\"9\">\n\t\t\t<div class=\"dce-post-block\">\n\t\t<div class=\"dce-image-area dce-item-area\"><div class=\"dce-item dce-item_image elementor-repeater-item-a009d8d\"><a class=\"dce-post-image\" href=\"https:\/\/blog.colmena.media\/es\/radio-nefzawa-primer-podcast-con-colmena\/\"><figure  class=\"dce-img\"><img loading=\"lazy\" decoding=\"async\" width=\"1024\" height=\"576\" src=\"https:\/\/blog.colmena.media\/wp-content\/uploads\/2023\/02\/Podcast_radio-Nefzawa2.jpg\" class=\"\" alt=\"Radio Nefzawa: Primer podcast con Colmena\" srcset=\"https:\/\/blog.colmena.media\/wp-content\/uploads\/2023\/02\/Podcast_radio-Nefzawa2.jpg 1024w, https:\/\/blog.colmena.media\/wp-content\/uploads\/2023\/02\/Podcast_radio-Nefzawa2-300x169.png 300w, https:\/\/blog.colmena.media\/wp-content\/uploads\/2023\/02\/Podcast_radio-Nefzawa2-768x432.png 768w\" sizes=\"(max-width: 1024px) 100vw, 1024px\" \/><\/figure><\/a><\/div><\/div><div class=\"dce-content-area dce-item-area\"><div class=\"dce-item dce-item_title elementor-repeater-item-325afbf\"><h4 class=\"dce-post-title\"><a href=\"https:\/\/blog.colmena.media\/es\/radio-nefzawa-primer-podcast-con-colmena\/\">Radio Nefzawa: Primer podcast con Colmena<\/a><\/h4><\/div><div class=\"dce-item dce-item_content elementor-repeater-item-3991356\"><div class=\"dce-post-content\">Formatos como la radio y el podcast dan forma a la experiencia de diversidad de una sociedad, brindando espacios de informaci\u00f3n y discusi\u00f3n, y posibilitando una mayor representaci\u00f3n de diferentes voces y contenidos.<\/div><\/div><div class=\"dce-item dce-item_custommeta elementor-repeater-item-d8df7ca\"><\/div><\/div>\t\t\t<\/div>\n\t\t<\/article>\n\t\t\t\t\t<\/div>\n\t\t\t\t\t<\/div>\n\t\t\t\t<\/div>\n\t\t\t\t<\/div>\n\t\t\t\t\t<\/div>\n\t\t<\/div>\n\t\t\t\t\t<\/div>\n\t\t<\/section>\n\t\t\t\t<\/div>\n\t\t","protected":false},"excerpt":{"rendered":"<p>Celebrating &#8220;Colmena&#8221;: Online panel discussion on April 28 In times of crisis, viable information saves lives. But how can we ensure that local media sustain their reporting in challenging times? The power of swarm intelligence: How Jiyu, Yeny and Olivia are inspiring other women An open-source software enables women in the Global South to stand &#8230; <a title=\"Noticias\" class=\"read-more\" href=\"https:\/\/blog.colmena.media\/es\/noticias\/\" aria-label=\"M\u00e1s en Noticias\">Leer m\u00e1s<\/a><\/p>\n","protected":false},"author":1,"featured_media":0,"parent":0,"menu_order":0,"comment_status":"closed","ping_status":"closed","template":"","meta":{"_acf_changed":false,"inline_featured_image":false,"footnotes":""},"class_list":["post-4540","page","type-page","status-publish"],"acf":[],"_links":{"self":[{"href":"https:\/\/blog.colmena.media\/es\/wp-json\/wp\/v2\/pages\/4540","targetHints":{"allow":["GET"]}}],"collection":[{"href":"https:\/\/blog.colmena.media\/es\/wp-json\/wp\/v2\/pages"}],"about":[{"href":"https:\/\/blog.colmena.media\/es\/wp-json\/wp\/v2\/types\/page"}],"author":[{"embeddable":true,"href":"https:\/\/blog.colmena.media\/es\/wp-json\/wp\/v2\/users\/1"}],"replies":[{"embeddable":true,"href":"https:\/\/blog.colmena.media\/es\/wp-json\/wp\/v2\/comments?post=4540"}],"version-history":[{"count":1,"href":"https:\/\/blog.colmena.media\/es\/wp-json\/wp\/v2\/pages\/4540\/revisions"}],"predecessor-version":[{"id":4541,"href":"https:\/\/blog.colmena.media\/es\/wp-json\/wp\/v2\/pages\/4540\/revisions\/4541"}],"wp:attachment":[{"href":"https:\/\/blog.colmena.media\/es\/wp-json\/wp\/v2\/media?parent=4540"}],"curies":[{"name":"wp","href":"https:\/\/api.w.org\/{rel}","templated":true}]}}